{"id":963,"date":"2020-07-11T10:29:46","date_gmt":"2020-07-11T08:29:46","guid":{"rendered":"http:\/\/dev.lepecqtrampoline.fr\/?page_id=963"},"modified":"2023-05-25T12:35:33","modified_gmt":"2023-05-25T10:35:33","slug":"prevention-des-violences-2","status":"publish","type":"page","link":"http:\/\/www.lepecqtrampoline.fr\/index.php\/prevention-des-violences-2\/","title":{"rendered":"Pr\u00e9vention des violences"},"content":{"rendered":"\r\n<h4>L&#8217; Alpic Air force Academy s&#8217;engage dans la pr\u00e9vention des violences, harc\u00e8lements moraux ou sexuels lors de la pratique sportive.<\/h4>\r\n\r\n\r\n\r\n<p>Elle respecte la Chartre de l&#8217;association <strong>&#8220;<a href=\"https:\/\/colosse.fr\/\">Colosse au pieds d&#8217;Argile<\/a>&#8220;<\/strong> qui par des gestes et attitudes simples l\u00e8ve tout ambigu\u00eft\u00e9 des rapports enfants adultes dans les vestiaires et la salle d&#8217;entrainement.<\/p>\r\n\r\n\r\n\r\n<p>Un affichage est pr\u00e9vu pour les enfants et adultes dans nos lieux de pratique. Notre \u00e9quipe dirigeante et entraineurs veillent aux respects des consignes. C&#8217;est aussi l&#8217;affaire de tous!<\/p>\r\n\r\n\r\n\r\n<p>Merci aux parents d&#8217;en prendre connaissance avec leur enfant.<\/p>\r\n\r\n\r\n\r\n<div class=\"wp-block-image\">\r\n<figure class=\"aligncenter\"><img loading=\"lazy\" class=\"alignnone size-large wp-image-964\" src=\"http:\/\/dev.lepecqtrampoline.fr\/wp-content\/uploads\/2020\/07\/Capture-d\u2019e\u0301cran-2020-07-11-a\u0300-10.28.05-865x1024.png\" alt=\"\" width=\"865\" height=\"1024\" srcset=\"http:\/\/dev.lepecqtrampoline.fr\/wp-content\/uploads\/2020\/07\/Capture-d\u2019e\u0301cran-2020-07-11-a\u0300-10.28.05-865x1024.png 865w, http:\/\/dev.lepecqtrampoline.fr\/wp-content\/uploads\/2020\/07\/Capture-d\u2019e\u0301cran-2020-07-11-a\u0300-10.28.05-253x300.png 253w, http:\/\/dev.lepecqtrampoline.fr\/wp-content\/uploads\/2020\/07\/Capture-d\u2019e\u0301cran-2020-07-11-a\u0300-10.28.05-768x910.png 768w, http:\/\/dev.lepecqtrampoline.fr\/wp-content\/uploads\/2020\/07\/Capture-d\u2019e\u0301cran-2020-07-11-a\u0300-10.28.05.png 1160w\" sizes=\"(max-width: 865px) 100vw, 865px\" \/><\/figure>\r\n<\/div>\r\n","protected":false},"excerpt":{"rendered":"<p>L&#8217; Alpic Air force Academy s&#8217;engage dans la pr\u00e9vention des violences, harc\u00e8lements moraux ou sexuels lors de la pratique sportive. Elle respecte la Chartre de l&#8217;association &#8220;Colosse au pieds d&#8217;Argile&#8220; qui par des gestes et attitudes simples l\u00e8ve tout ambigu\u00eft\u00e9 des rapports enfants adultes dans les vestiaires et la salle d&#8217;entrainement. Un affichage est pr\u00e9vu [&hellip;]<\/p>\n","protected":false},"author":1,"featured_media":0,"parent":0,"menu_order":0,"comment_status":"closed","ping_status":"closed","template":"","meta":[],"yoast_head":"<!-- This site is optimized with the Yoast SEO plugin v18.4.1 - https:\/\/yoast.com\/wordpress\/plugins\/seo\/ -->\n<title>Pr\u00e9vention des violences -<\/title>\n<meta name=\"robots\" content=\"index, follow, max-snippet:-1, max-image-preview:large, max-video-preview:-1\" \/>\n<link rel=\"canonical\" href=\"https:\/\/www.lepecqtrampoline.fr\/index.php\/prevention-des-violences-2\/\" \/>\n<meta property=\"og:locale\" content=\"en_US\" \/>\n<meta property=\"og:type\" content=\"article\" \/>\n<meta property=\"og:title\" content=\"Pr\u00e9vention des violences -\" \/>\n<meta property=\"og:description\" content=\"L&#8217; Alpic Air force Academy s&#8217;engage dans la pr\u00e9vention des violences, harc\u00e8lements moraux ou sexuels lors de la pratique sportive. Elle respecte la Chartre de l&#8217;association &#8220;Colosse au pieds d&#8217;Argile&#8220; qui par des gestes et attitudes simples l\u00e8ve tout ambigu\u00eft\u00e9 des rapports enfants adultes dans les vestiaires et la salle d&#8217;entrainement. Un affichage est pr\u00e9vu [&hellip;]\" \/>\n<meta property=\"og:url\" content=\"https:\/\/www.lepecqtrampoline.fr\/index.php\/prevention-des-violences-2\/\" \/>\n<meta property=\"article:publisher\" content=\"https:\/\/www.facebook.com\/Alpicairforce\/\" \/>\n<meta property=\"article:modified_time\" content=\"2023-05-25T10:35:33+00:00\" \/>\n<meta property=\"og:image\" content=\"http:\/\/dev.lepecqtrampoline.fr\/wp-content\/uploads\/2020\/07\/Capture-d\u2019e\u0301cran-2020-07-11-a\u0300-10.28.05-865x1024.png\" \/>\n<meta name=\"twitter:card\" content=\"summary_large_image\" \/>\n<script type=\"application\/ld+json\" class=\"yoast-schema-graph\">{\"@context\":\"https:\/\/schema.org\",\"@graph\":[{\"@type\":\"Organization\",\"@id\":\"https:\/\/www.lepecqtrampoline.fr\/#organization\",\"name\":\"Alpic Air Force Academy\",\"url\":\"https:\/\/www.lepecqtrampoline.fr\/\",\"sameAs\":[\"https:\/\/www.facebook.com\/Alpicairforce\/\"],\"logo\":{\"@type\":\"ImageObject\",\"@id\":\"https:\/\/www.lepecqtrampoline.fr\/#logo\",\"inLanguage\":\"en-US\",\"url\":\"http:\/\/dev.lepecqtrampoline.fr\/wp-content\/uploads\/2019\/06\/logo.png\",\"contentUrl\":\"http:\/\/dev.lepecqtrampoline.fr\/wp-content\/uploads\/2019\/06\/logo.png\",\"width\":546,\"height\":220,\"caption\":\"Alpic Air Force Academy\"},\"image\":{\"@id\":\"https:\/\/www.lepecqtrampoline.fr\/#logo\"}},{\"@type\":\"WebSite\",\"@id\":\"https:\/\/www.lepecqtrampoline.fr\/#website\",\"url\":\"https:\/\/www.lepecqtrampoline.fr\/\",\"name\":\"AlpicAirForce Academy\",\"description\":\"\",\"publisher\":{\"@id\":\"https:\/\/www.lepecqtrampoline.fr\/#organization\"},\"potentialAction\":[{\"@type\":\"SearchAction\",\"target\":{\"@type\":\"EntryPoint\",\"urlTemplate\":\"https:\/\/www.lepecqtrampoline.fr\/?s={search_term_string}\"},\"query-input\":\"required name=search_term_string\"}],\"inLanguage\":\"en-US\"},{\"@type\":\"ImageObject\",\"@id\":\"https:\/\/www.lepecqtrampoline.fr\/index.php\/prevention-des-violences-2\/#primaryimage\",\"inLanguage\":\"en-US\",\"url\":\"http:\/\/dev.lepecqtrampoline.fr\/wp-content\/uploads\/2020\/07\/Capture-d\u2019e\u0301cran-2020-07-11-a\u0300-10.28.05.png\",\"contentUrl\":\"http:\/\/dev.lepecqtrampoline.fr\/wp-content\/uploads\/2020\/07\/Capture-d\u2019e\u0301cran-2020-07-11-a\u0300-10.28.05.png\",\"width\":1160,\"height\":1374},{\"@type\":\"WebPage\",\"@id\":\"https:\/\/www.lepecqtrampoline.fr\/index.php\/prevention-des-violences-2\/#webpage\",\"url\":\"https:\/\/www.lepecqtrampoline.fr\/index.php\/prevention-des-violences-2\/\",\"name\":\"Pr\u00e9vention des violences -\",\"isPartOf\":{\"@id\":\"https:\/\/www.lepecqtrampoline.fr\/#website\"},\"primaryImageOfPage\":{\"@id\":\"https:\/\/www.lepecqtrampoline.fr\/index.php\/prevention-des-violences-2\/#primaryimage\"},\"datePublished\":\"2020-07-11T08:29:46+00:00\",\"dateModified\":\"2023-05-25T10:35:33+00:00\",\"breadcrumb\":{\"@id\":\"https:\/\/www.lepecqtrampoline.fr\/index.php\/prevention-des-violences-2\/#breadcrumb\"},\"inLanguage\":\"en-US\",\"potentialAction\":[{\"@type\":\"ReadAction\",\"target\":[\"https:\/\/www.lepecqtrampoline.fr\/index.php\/prevention-des-violences-2\/\"]}]},{\"@type\":\"BreadcrumbList\",\"@id\":\"https:\/\/www.lepecqtrampoline.fr\/index.php\/prevention-des-violences-2\/#breadcrumb\",\"itemListElement\":[{\"@type\":\"ListItem\",\"position\":1,\"name\":\"Accueil\",\"item\":\"https:\/\/www.lepecqtrampoline.fr\/\"},{\"@type\":\"ListItem\",\"position\":2,\"name\":\"Pr\u00e9vention des violences\"}]}]}<\/script>\n<!-- \/ Yoast SEO plugin. -->","yoast_head_json":{"title":"Pr\u00e9vention des violences -","robots":{"index":"index","follow":"follow","max-snippet":"max-snippet:-1","max-image-preview":"max-image-preview:large","max-video-preview":"max-video-preview:-1"},"canonical":"https:\/\/www.lepecqtrampoline.fr\/index.php\/prevention-des-violences-2\/","og_locale":"en_US","og_type":"article","og_title":"Pr\u00e9vention des violences -","og_description":"L&#8217; Alpic Air force Academy s&#8217;engage dans la pr\u00e9vention des violences, harc\u00e8lements moraux ou sexuels lors de la pratique sportive. Elle respecte la Chartre de l&#8217;association &#8220;Colosse au pieds d&#8217;Argile&#8220; qui par des gestes et attitudes simples l\u00e8ve tout ambigu\u00eft\u00e9 des rapports enfants adultes dans les vestiaires et la salle d&#8217;entrainement. Un affichage est pr\u00e9vu [&hellip;]","og_url":"https:\/\/www.lepecqtrampoline.fr\/index.php\/prevention-des-violences-2\/","article_publisher":"https:\/\/www.facebook.com\/Alpicairforce\/","article_modified_time":"2023-05-25T10:35:33+00:00","og_image":[{"url":"http:\/\/dev.lepecqtrampoline.fr\/wp-content\/uploads\/2020\/07\/Capture-d\u2019e\u0301cran-2020-07-11-a\u0300-10.28.05-865x1024.png"}],"twitter_card":"summary_large_image","schema":{"@context":"https:\/\/schema.org","@graph":[{"@type":"Organization","@id":"https:\/\/www.lepecqtrampoline.fr\/#organization","name":"Alpic Air Force Academy","url":"https:\/\/www.lepecqtrampoline.fr\/","sameAs":["https:\/\/www.facebook.com\/Alpicairforce\/"],"logo":{"@type":"ImageObject","@id":"https:\/\/www.lepecqtrampoline.fr\/#logo","inLanguage":"en-US","url":"http:\/\/dev.lepecqtrampoline.fr\/wp-content\/uploads\/2019\/06\/logo.png","contentUrl":"http:\/\/dev.lepecqtrampoline.fr\/wp-content\/uploads\/2019\/06\/logo.png","width":546,"height":220,"caption":"Alpic Air Force Academy"},"image":{"@id":"https:\/\/www.lepecqtrampoline.fr\/#logo"}},{"@type":"WebSite","@id":"https:\/\/www.lepecqtrampoline.fr\/#website","url":"https:\/\/www.lepecqtrampoline.fr\/","name":"AlpicAirForce Academy","description":"","publisher":{"@id":"https:\/\/www.lepecqtrampoline.fr\/#organization"},"potentialAction":[{"@type":"SearchAction","target":{"@type":"EntryPoint","urlTemplate":"https:\/\/www.lepecqtrampoline.fr\/?s={search_term_string}"},"query-input":"required name=search_term_string"}],"inLanguage":"en-US"},{"@type":"ImageObject","@id":"https:\/\/www.lepecqtrampoline.fr\/index.php\/prevention-des-violences-2\/#primaryimage","inLanguage":"en-US","url":"http:\/\/dev.lepecqtrampoline.fr\/wp-content\/uploads\/2020\/07\/Capture-d\u2019e\u0301cran-2020-07-11-a\u0300-10.28.05.png","contentUrl":"http:\/\/dev.lepecqtrampoline.fr\/wp-content\/uploads\/2020\/07\/Capture-d\u2019e\u0301cran-2020-07-11-a\u0300-10.28.05.png","width":1160,"height":1374},{"@type":"WebPage","@id":"https:\/\/www.lepecqtrampoline.fr\/index.php\/prevention-des-violences-2\/#webpage","url":"https:\/\/www.lepecqtrampoline.fr\/index.php\/prevention-des-violences-2\/","name":"Pr\u00e9vention des violences -","isPartOf":{"@id":"https:\/\/www.lepecqtrampoline.fr\/#website"},"primaryImageOfPage":{"@id":"https:\/\/www.lepecqtrampoline.fr\/index.php\/prevention-des-violences-2\/#primaryimage"},"datePublished":"2020-07-11T08:29:46+00:00","dateModified":"2023-05-25T10:35:33+00:00","breadcrumb":{"@id":"https:\/\/www.lepecqtrampoline.fr\/index.php\/prevention-des-violences-2\/#breadcrumb"},"inLanguage":"en-US","potentialAction":[{"@type":"ReadAction","target":["https:\/\/www.lepecqtrampoline.fr\/index.php\/prevention-des-violences-2\/"]}]},{"@type":"BreadcrumbList","@id":"https:\/\/www.lepecqtrampoline.fr\/index.php\/prevention-des-violences-2\/#breadcrumb","itemListElement":[{"@type":"ListItem","position":1,"name":"Accueil","item":"https:\/\/www.lepecqtrampoline.fr\/"},{"@type":"ListItem","position":2,"name":"Pr\u00e9vention des violences"}]}]}},"_links":{"self":[{"href":"http:\/\/www.lepecqtrampoline.fr\/index.php\/wp-json\/wp\/v2\/pages\/963"}],"collection":[{"href":"http:\/\/www.lepecqtrampoline.fr\/index.php\/wp-json\/wp\/v2\/pages"}],"about":[{"href":"http:\/\/www.lepecqtrampoline.fr\/index.php\/wp-json\/wp\/v2\/types\/page"}],"author":[{"embeddable":true,"href":"http:\/\/www.lepecqtrampoline.fr\/index.php\/wp-json\/wp\/v2\/users\/1"}],"replies":[{"embeddable":true,"href":"http:\/\/www.lepecqtrampoline.fr\/index.php\/wp-json\/wp\/v2\/comments?post=963"}],"version-history":[{"count":8,"href":"http:\/\/www.lepecqtrampoline.fr\/index.php\/wp-json\/wp\/v2\/pages\/963\/revisions"}],"predecessor-version":[{"id":1333,"href":"http:\/\/www.lepecqtrampoline.fr\/index.php\/wp-json\/wp\/v2\/pages\/963\/revisions\/1333"}],"wp:attachment":[{"href":"http:\/\/www.lepecqtrampoline.fr\/index.php\/wp-json\/wp\/v2\/media?parent=963"}],"curies":[{"name":"wp","href":"https:\/\/api.w.org\/{rel}","templated":true}]}}