{"id":336,"date":"2019-05-08T14:59:54","date_gmt":"2019-05-08T12:59:54","guid":{"rendered":"http:\/\/dev.lepecqtrampoline.fr\/?page_id=336"},"modified":"2025-05-28T16:37:15","modified_gmt":"2025-05-28T14:37:15","slug":"gymnastique-acrobatique","status":"publish","type":"page","link":"http:\/\/www.lepecqtrampoline.fr\/index.php\/gymnastique-acrobatique\/","title":{"rendered":"Gymnastique Acrobatique"},"content":{"rendered":"\r\n<h3><strong>Marraine Audrey Labeau\u00a0<\/strong><\/h3>\r\n\r\n\r\n\r\n<p>&nbsp;<\/p>\r\n\r\n\r\n\r\n<div class=\"wp-block-image\">\r\n<figure class=\"alignleft is-resized\"><img loading=\"lazy\" class=\"wp-image-672\" src=\"http:\/\/dev.lepecqtrampoline.fr\/wp-content\/uploads\/2019\/06\/IMG_1868-576x1024.jpg\" alt=\"\" width=\"139\" height=\"247\" srcset=\"http:\/\/dev.lepecqtrampoline.fr\/wp-content\/uploads\/2019\/06\/IMG_1868-576x1024.jpg 576w, http:\/\/dev.lepecqtrampoline.fr\/wp-content\/uploads\/2019\/06\/IMG_1868-169x300.jpg 169w, http:\/\/dev.lepecqtrampoline.fr\/wp-content\/uploads\/2019\/06\/IMG_1868.jpg 720w\" sizes=\"(max-width: 139px) 100vw, 139px\" \/>\r\n<figcaption><\/figcaption>\r\n<\/figure>\r\n<\/div>\r\n\r\n\r\n\r\n<p>Internationale en Gymnastique Acrobatique, form\u00e9e au Pecq <br \/>Audrey a poursuivi\u00a0\u00a0sa carri\u00e8re sportive en plongeon o\u00f9 elle a particip\u00e9 \u00e0 <strong>2 Jeux Olympiques.<\/strong><br \/>Elle est actuellement artiste au Cirque du Soleil\u00a0\u00a0(Paramour, House of Dancing Water, \u00d4, )<\/p>\r\n\r\n\r\n\r\n<div class=\"wp-block-image\">\r\n<figure class=\"aligncenter\"><img loading=\"lazy\" width=\"724\" height=\"1024\" class=\"wp-image-802\" src=\"http:\/\/dev.lepecqtrampoline.fr\/wp-content\/uploads\/2020\/05\/Fiche_Acro_BAT-724x1024.jpg\" alt=\"\" srcset=\"http:\/\/dev.lepecqtrampoline.fr\/wp-content\/uploads\/2020\/05\/Fiche_Acro_BAT-724x1024.jpg 724w, http:\/\/dev.lepecqtrampoline.fr\/wp-content\/uploads\/2020\/05\/Fiche_Acro_BAT-212x300.jpg 212w, http:\/\/dev.lepecqtrampoline.fr\/wp-content\/uploads\/2020\/05\/Fiche_Acro_BAT-768x1086.jpg 768w\" sizes=\"(max-width: 724px) 100vw, 724px\" \/><\/figure>\r\n<\/div>\r\n\r\n\r\n<hr class=\"wp-block-separator\" \/>\r\n\r\n\r\n<p>La\u00a0<strong>Gymnastique Acrobatique<\/strong>, anciennement d\u00e9nomm\u00e9e Acrosport est une activit\u00e9 Artistique et Acrobatique pratiqu\u00e9e en duo\u00a0\u00a0trio ou quatuor.<\/p>\r\n\r\n\r\n\r\n<figure class=\"wp-block-image is-resized\"><img loading=\"lazy\" class=\"wp-image-689\" src=\"http:\/\/dev.lepecqtrampoline.fr\/wp-content\/uploads\/2019\/06\/Gym-Acro-751x1024.jpg\" alt=\"\" width=\"250\" height=\"340\" srcset=\"http:\/\/dev.lepecqtrampoline.fr\/wp-content\/uploads\/2019\/06\/Gym-Acro-751x1024.jpg 751w, http:\/\/dev.lepecqtrampoline.fr\/wp-content\/uploads\/2019\/06\/Gym-Acro-220x300.jpg 220w, http:\/\/dev.lepecqtrampoline.fr\/wp-content\/uploads\/2019\/06\/Gym-Acro-768x1048.jpg 768w, http:\/\/dev.lepecqtrampoline.fr\/wp-content\/uploads\/2019\/06\/Gym-Acro.jpg 1299w\" sizes=\"(max-width: 250px) 100vw, 250px\" \/><\/figure>\r\n\r\n\r\n\r\n<p>Il s\u2019agit en comp\u00e9tition de pr\u00e9senter en musique des enchainements chor\u00e9graphi\u00e9s o\u00f9 alternent des pyramides statiques, dynamiques et des \u00e9l\u00e9ments gymniques individuels.<\/p>\r\n\r\n\r\n\r\n<p>Les enfants et adolescents, regroup\u00e9s dans un m\u00eame cours s\u2019\u00e9chauffent et travaillent l\u2019acrobatie au sol (Roulades, Appui tendu renvers\u00e9, roues, saut de mains, flip, salto\u2026)<\/p>\r\n\r\n\r\n\r\n<p>Ils se placent ensuite au sein de leur formation (duo ou trio, mixte ou non).<\/p>\r\n\r\n\r\n\r\n<p>Des comp\u00e9titions adapt\u00e9es au niveau des gymnastes sont pr\u00e9vues et un spectacle \u00e9galement lors de la traditionnelle F\u00eate de l\u2019Alpic Air Force.<\/p>\r\n\r\n\r\n\r\n<p><em>Gymnase du Lyc\u00e9e Jeanne d\u2019Albret, Rue Alexandre Dumas St Germain en Laye<\/em><br \/><em>Niveau comp\u00e9tition : Samedi 12h45 \u00e0 15h00 Mercredi 13h30 15h (pr\u00e9paration physique)<br \/><br \/><\/em><\/p>\r\n","protected":false},"excerpt":{"rendered":"<p>Marraine Audrey Labeau\u00a0 &nbsp; Internationale en Gymnastique Acrobatique, form\u00e9e au Pecq Audrey a poursuivi\u00a0\u00a0sa carri\u00e8re sportive en plongeon o\u00f9 elle a particip\u00e9 \u00e0 2 Jeux Olympiques.Elle est actuellement artiste au Cirque du Soleil\u00a0\u00a0(Paramour, House of Dancing Water, \u00d4, ) La\u00a0Gymnastique Acrobatique, anciennement d\u00e9nomm\u00e9e Acrosport est une activit\u00e9 Artistique et Acrobatique pratiqu\u00e9e en duo\u00a0\u00a0trio ou quatuor. [&hellip;]<\/p>\n","protected":false},"author":1,"featured_media":0,"parent":0,"menu_order":0,"comment_status":"closed","ping_status":"closed","template":"","meta":[],"yoast_head":"<!-- This site is optimized with the Yoast SEO plugin v18.4.1 - https:\/\/yoast.com\/wordpress\/plugins\/seo\/ -->\n<title>Gymnastique Acrobatique -<\/title>\n<meta name=\"robots\" content=\"index, follow, max-snippet:-1, max-image-preview:large, max-video-preview:-1\" \/>\n<link rel=\"canonical\" href=\"http:\/\/www.lepecqtrampoline.fr\/index.php\/gymnastique-acrobatique\/\" \/>\n<meta property=\"og:locale\" content=\"en_US\" \/>\n<meta property=\"og:type\" content=\"article\" \/>\n<meta property=\"og:title\" content=\"Gymnastique Acrobatique -\" \/>\n<meta property=\"og:description\" content=\"Marraine Audrey Labeau\u00a0 &nbsp; Internationale en Gymnastique Acrobatique, form\u00e9e au Pecq Audrey a poursuivi\u00a0\u00a0sa carri\u00e8re sportive en plongeon o\u00f9 elle a particip\u00e9 \u00e0 2 Jeux Olympiques.Elle est actuellement artiste au Cirque du Soleil\u00a0\u00a0(Paramour, House of Dancing Water, \u00d4, ) La\u00a0Gymnastique Acrobatique, anciennement d\u00e9nomm\u00e9e Acrosport est une activit\u00e9 Artistique et Acrobatique pratiqu\u00e9e en duo\u00a0\u00a0trio ou quatuor. [&hellip;]\" \/>\n<meta property=\"og:url\" content=\"http:\/\/www.lepecqtrampoline.fr\/index.php\/gymnastique-acrobatique\/\" \/>\n<meta property=\"article:publisher\" content=\"https:\/\/www.facebook.com\/Alpicairforce\/\" \/>\n<meta property=\"article:modified_time\" content=\"2025-05-28T14:37:15+00:00\" \/>\n<meta property=\"og:image\" content=\"http:\/\/dev.lepecqtrampoline.fr\/wp-content\/uploads\/2019\/06\/IMG_1868-576x1024.jpg\" \/>\n<meta name=\"twitter:card\" content=\"summary_large_image\" \/>\n<meta name=\"twitter:label1\" content=\"Est. reading time\" \/>\n\t<meta name=\"twitter:data1\" content=\"1 minute\" \/>\n<script type=\"application\/ld+json\" class=\"yoast-schema-graph\">{\"@context\":\"https:\/\/schema.org\",\"@graph\":[{\"@type\":\"Organization\",\"@id\":\"https:\/\/www.lepecqtrampoline.fr\/#organization\",\"name\":\"Alpic Air Force Academy\",\"url\":\"https:\/\/www.lepecqtrampoline.fr\/\",\"sameAs\":[\"https:\/\/www.facebook.com\/Alpicairforce\/\"],\"logo\":{\"@type\":\"ImageObject\",\"@id\":\"https:\/\/www.lepecqtrampoline.fr\/#logo\",\"inLanguage\":\"en-US\",\"url\":\"http:\/\/dev.lepecqtrampoline.fr\/wp-content\/uploads\/2019\/06\/logo.png\",\"contentUrl\":\"http:\/\/dev.lepecqtrampoline.fr\/wp-content\/uploads\/2019\/06\/logo.png\",\"width\":546,\"height\":220,\"caption\":\"Alpic Air Force Academy\"},\"image\":{\"@id\":\"https:\/\/www.lepecqtrampoline.fr\/#logo\"}},{\"@type\":\"WebSite\",\"@id\":\"https:\/\/www.lepecqtrampoline.fr\/#website\",\"url\":\"https:\/\/www.lepecqtrampoline.fr\/\",\"name\":\"AlpicAirForce Academy\",\"description\":\"\",\"publisher\":{\"@id\":\"https:\/\/www.lepecqtrampoline.fr\/#organization\"},\"potentialAction\":[{\"@type\":\"SearchAction\",\"target\":{\"@type\":\"EntryPoint\",\"urlTemplate\":\"https:\/\/www.lepecqtrampoline.fr\/?s={search_term_string}\"},\"query-input\":\"required name=search_term_string\"}],\"inLanguage\":\"en-US\"},{\"@type\":\"ImageObject\",\"@id\":\"http:\/\/www.lepecqtrampoline.fr\/index.php\/gymnastique-acrobatique\/#primaryimage\",\"inLanguage\":\"en-US\",\"url\":\"http:\/\/dev.lepecqtrampoline.fr\/wp-content\/uploads\/2019\/06\/IMG_1868.jpg\",\"contentUrl\":\"http:\/\/dev.lepecqtrampoline.fr\/wp-content\/uploads\/2019\/06\/IMG_1868.jpg\",\"width\":720,\"height\":1280},{\"@type\":\"WebPage\",\"@id\":\"http:\/\/www.lepecqtrampoline.fr\/index.php\/gymnastique-acrobatique\/#webpage\",\"url\":\"http:\/\/www.lepecqtrampoline.fr\/index.php\/gymnastique-acrobatique\/\",\"name\":\"Gymnastique Acrobatique -\",\"isPartOf\":{\"@id\":\"https:\/\/www.lepecqtrampoline.fr\/#website\"},\"primaryImageOfPage\":{\"@id\":\"http:\/\/www.lepecqtrampoline.fr\/index.php\/gymnastique-acrobatique\/#primaryimage\"},\"datePublished\":\"2019-05-08T12:59:54+00:00\",\"dateModified\":\"2025-05-28T14:37:15+00:00\",\"breadcrumb\":{\"@id\":\"http:\/\/www.lepecqtrampoline.fr\/index.php\/gymnastique-acrobatique\/#breadcrumb\"},\"inLanguage\":\"en-US\",\"potentialAction\":[{\"@type\":\"ReadAction\",\"target\":[\"http:\/\/www.lepecqtrampoline.fr\/index.php\/gymnastique-acrobatique\/\"]}]},{\"@type\":\"BreadcrumbList\",\"@id\":\"http:\/\/www.lepecqtrampoline.fr\/index.php\/gymnastique-acrobatique\/#breadcrumb\",\"itemListElement\":[{\"@type\":\"ListItem\",\"position\":1,\"name\":\"Accueil\",\"item\":\"https:\/\/www.lepecqtrampoline.fr\/\"},{\"@type\":\"ListItem\",\"position\":2,\"name\":\"Gymnastique Acrobatique\"}]}]}<\/script>\n<!-- \/ Yoast SEO plugin. -->","yoast_head_json":{"title":"Gymnastique Acrobatique -","robots":{"index":"index","follow":"follow","max-snippet":"max-snippet:-1","max-image-preview":"max-image-preview:large","max-video-preview":"max-video-preview:-1"},"canonical":"http:\/\/www.lepecqtrampoline.fr\/index.php\/gymnastique-acrobatique\/","og_locale":"en_US","og_type":"article","og_title":"Gymnastique Acrobatique -","og_description":"Marraine Audrey Labeau\u00a0 &nbsp; Internationale en Gymnastique Acrobatique, form\u00e9e au Pecq Audrey a poursuivi\u00a0\u00a0sa carri\u00e8re sportive en plongeon o\u00f9 elle a particip\u00e9 \u00e0 2 Jeux Olympiques.Elle est actuellement artiste au Cirque du Soleil\u00a0\u00a0(Paramour, House of Dancing Water, \u00d4, ) La\u00a0Gymnastique Acrobatique, anciennement d\u00e9nomm\u00e9e Acrosport est une activit\u00e9 Artistique et Acrobatique pratiqu\u00e9e en duo\u00a0\u00a0trio ou quatuor. [&hellip;]","og_url":"http:\/\/www.lepecqtrampoline.fr\/index.php\/gymnastique-acrobatique\/","article_publisher":"https:\/\/www.facebook.com\/Alpicairforce\/","article_modified_time":"2025-05-28T14:37:15+00:00","og_image":[{"url":"http:\/\/dev.lepecqtrampoline.fr\/wp-content\/uploads\/2019\/06\/IMG_1868-576x1024.jpg"}],"twitter_card":"summary_large_image","twitter_misc":{"Est. reading time":"1 minute"},"schema":{"@context":"https:\/\/schema.org","@graph":[{"@type":"Organization","@id":"https:\/\/www.lepecqtrampoline.fr\/#organization","name":"Alpic Air Force Academy","url":"https:\/\/www.lepecqtrampoline.fr\/","sameAs":["https:\/\/www.facebook.com\/Alpicairforce\/"],"logo":{"@type":"ImageObject","@id":"https:\/\/www.lepecqtrampoline.fr\/#logo","inLanguage":"en-US","url":"http:\/\/dev.lepecqtrampoline.fr\/wp-content\/uploads\/2019\/06\/logo.png","contentUrl":"http:\/\/dev.lepecqtrampoline.fr\/wp-content\/uploads\/2019\/06\/logo.png","width":546,"height":220,"caption":"Alpic Air Force Academy"},"image":{"@id":"https:\/\/www.lepecqtrampoline.fr\/#logo"}},{"@type":"WebSite","@id":"https:\/\/www.lepecqtrampoline.fr\/#website","url":"https:\/\/www.lepecqtrampoline.fr\/","name":"AlpicAirForce Academy","description":"","publisher":{"@id":"https:\/\/www.lepecqtrampoline.fr\/#organization"},"potentialAction":[{"@type":"SearchAction","target":{"@type":"EntryPoint","urlTemplate":"https:\/\/www.lepecqtrampoline.fr\/?s={search_term_string}"},"query-input":"required name=search_term_string"}],"inLanguage":"en-US"},{"@type":"ImageObject","@id":"http:\/\/www.lepecqtrampoline.fr\/index.php\/gymnastique-acrobatique\/#primaryimage","inLanguage":"en-US","url":"http:\/\/dev.lepecqtrampoline.fr\/wp-content\/uploads\/2019\/06\/IMG_1868.jpg","contentUrl":"http:\/\/dev.lepecqtrampoline.fr\/wp-content\/uploads\/2019\/06\/IMG_1868.jpg","width":720,"height":1280},{"@type":"WebPage","@id":"http:\/\/www.lepecqtrampoline.fr\/index.php\/gymnastique-acrobatique\/#webpage","url":"http:\/\/www.lepecqtrampoline.fr\/index.php\/gymnastique-acrobatique\/","name":"Gymnastique Acrobatique -","isPartOf":{"@id":"https:\/\/www.lepecqtrampoline.fr\/#website"},"primaryImageOfPage":{"@id":"http:\/\/www.lepecqtrampoline.fr\/index.php\/gymnastique-acrobatique\/#primaryimage"},"datePublished":"2019-05-08T12:59:54+00:00","dateModified":"2025-05-28T14:37:15+00:00","breadcrumb":{"@id":"http:\/\/www.lepecqtrampoline.fr\/index.php\/gymnastique-acrobatique\/#breadcrumb"},"inLanguage":"en-US","potentialAction":[{"@type":"ReadAction","target":["http:\/\/www.lepecqtrampoline.fr\/index.php\/gymnastique-acrobatique\/"]}]},{"@type":"BreadcrumbList","@id":"http:\/\/www.lepecqtrampoline.fr\/index.php\/gymnastique-acrobatique\/#breadcrumb","itemListElement":[{"@type":"ListItem","position":1,"name":"Accueil","item":"https:\/\/www.lepecqtrampoline.fr\/"},{"@type":"ListItem","position":2,"name":"Gymnastique Acrobatique"}]}]}},"_links":{"self":[{"href":"http:\/\/www.lepecqtrampoline.fr\/index.php\/wp-json\/wp\/v2\/pages\/336"}],"collection":[{"href":"http:\/\/www.lepecqtrampoline.fr\/index.php\/wp-json\/wp\/v2\/pages"}],"about":[{"href":"http:\/\/www.lepecqtrampoline.fr\/index.php\/wp-json\/wp\/v2\/types\/page"}],"author":[{"embeddable":true,"href":"http:\/\/www.lepecqtrampoline.fr\/index.php\/wp-json\/wp\/v2\/users\/1"}],"replies":[{"embeddable":true,"href":"http:\/\/www.lepecqtrampoline.fr\/index.php\/wp-json\/wp\/v2\/comments?post=336"}],"version-history":[{"count":26,"href":"http:\/\/www.lepecqtrampoline.fr\/index.php\/wp-json\/wp\/v2\/pages\/336\/revisions"}],"predecessor-version":[{"id":1508,"href":"http:\/\/www.lepecqtrampoline.fr\/index.php\/wp-json\/wp\/v2\/pages\/336\/revisions\/1508"}],"wp:attachment":[{"href":"http:\/\/www.lepecqtrampoline.fr\/index.php\/wp-json\/wp\/v2\/media?parent=336"}],"curies":[{"name":"wp","href":"https:\/\/api.w.org\/{rel}","templated":true}]}}