{"id":33,"date":"2019-05-01T23:14:10","date_gmt":"2019-05-01T21:14:10","guid":{"rendered":"http:\/\/dev.lepecqtrampoline.fr\/?page_id=33"},"modified":"2025-05-04T11:02:30","modified_gmt":"2025-05-04T09:02:30","slug":"acrobatie-vitess-tumbing-et-double-mini","status":"publish","type":"page","link":"http:\/\/www.lepecqtrampoline.fr\/index.php\/acrobatie-vitess-tumbing-et-double-mini\/","title":{"rendered":"Tumbling"},"content":{"rendered":"\r\n\r\n\r\n<h3>Le Tumbling, un sprint acrobatique!<\/h3>\r\n<h3><span style=\"color: #ff0000;\">Activit\u00e9 en sommeil\u00a0<\/span><\/h3>\r\n<h3><strong>Parrain Emmanuel Durand <\/strong><\/h3>\r\n\r\n\r\n\r\n<figure class=\"wp-block-image\"><img loading=\"lazy\" width=\"150\" height=\"150\" class=\"wp-image-506\" src=\"http:\/\/dev.lepecqtrampoline.fr\/wp-content\/uploads\/2019\/06\/Acrobatie-vitesse-Manumanu-3-150x150.png\" alt=\"\" \/>\r\n<figcaption>Champion du Monde Trampoline, surnomm\u00e9 &#8220;AlpicAirForce One&#8221; <br \/>Emmanuel \u00e0 particip\u00e9 aux <strong>JO d\u2019Atlanta (1996)<\/strong><br \/>Il a \u00e9t\u00e9 Champion de France Jeunesse en Tumbling.<br \/>Il est encore\u00a0\u00a0le seul Fran\u00e7ais finaliste en double mini lors des Championnats du Monde de la jeunesse (Auckland 1992)<\/figcaption>\r\n<\/figure>\r\n\r\n\r\n\r\n<div class=\"wp-block-image\"><img loading=\"lazy\" class=\"alignnone  wp-image-1136\" src=\"http:\/\/dev.lepecqtrampoline.fr\/wp-content\/uploads\/2021\/08\/IMG_6561-1024x1024.jpg\" alt=\"\" width=\"479\" height=\"479\" srcset=\"http:\/\/dev.lepecqtrampoline.fr\/wp-content\/uploads\/2021\/08\/IMG_6561-1024x1024.jpg 1024w, http:\/\/dev.lepecqtrampoline.fr\/wp-content\/uploads\/2021\/08\/IMG_6561-300x300.jpg 300w, http:\/\/dev.lepecqtrampoline.fr\/wp-content\/uploads\/2021\/08\/IMG_6561-150x150.jpg 150w, http:\/\/dev.lepecqtrampoline.fr\/wp-content\/uploads\/2021\/08\/IMG_6561-768x768.jpg 768w, http:\/\/dev.lepecqtrampoline.fr\/wp-content\/uploads\/2021\/08\/IMG_6561.jpg 1440w\" sizes=\"(max-width: 479px) 100vw, 479px\" \/><\/div>\r\n\r\n\r\n\r\n<ul>\r\n<li><del><strong>Le Tumbling<\/strong> est pratiqu\u00e9 au Pecq sur une <strong>piste gonflable. (15m de long)<\/strong><\/del><\/li>\r\n<li><del>Il s\u2019agit d\u2019Enchainer avec vitesse horizontale des \u00e9l\u00e9ments acrobatiques en avant ou en arri\u00e8re (roue, rondade, flip, tempo salto, vrille\u2026). <strong>C&#8217;est l&#8217;acrobatie vitesse!<\/strong><\/del><\/li>\r\n<\/ul>\r\n<p><del>\r\n\r\n\r\n\r\n<\/del><\/p>\r\n<p><del><strong>Pour un maximum de plaisir, un niveau de gymnastique est pr\u00e9f\u00e9rable (rondade, saut de main voire flip flap)<\/strong><\/del><\/p>\r\n<p><del>\r\n\r\n\r\n\r\n<\/del><\/p>\r\n<p><del><strong><em>Gymnase du Marcel Villeneuve 1 bd de la lib\u00e9ration 78230 Le Pecq<br \/>Les jeudi de 18h00 \u00e0 19h30<\/em><\/strong><\/del><\/p>\r\n<p><del>\r\n\r\n<\/del><\/p>\r\n<hr class=\"wp-block-separator\" \/>\r\n<p><del>\r\n\r\n<\/del><\/p>\r\n<div class=\"wp-block-image\">\u00a0<\/div>\r\n<p>&nbsp;<\/p>\r\n\r\n\r\n\r\n<div class=\"wp-block-image\">\r\n<figure class=\"aligncenter\"><img src=\"http:\/\/dev.lepecqtrampoline.fr\/wp-content\/uploads\/2019\/06\/AcroPass-300x107.png\" alt=\"L\u00e2\u0080\u0099attribut alt de cette image est vide, son nom de fichier est AcroPass-300x107.png.\" \/>\r\n<figcaption>L<del>\u2019activit\u00e9 sera accessible aussi via la carte\u00a0\u00a0<\/del><br \/><del><strong>\u00abAcro Pass Academy\u00a0\u00bb<\/strong><\/del><\/figcaption>\r\n<\/figure>\r\n<\/div>\r\n","protected":false},"excerpt":{"rendered":"<p>Le Tumbling, un sprint acrobatique! Activit\u00e9 en sommeil\u00a0 Parrain Emmanuel Durand Pour un maximum de plaisir, un niveau de gymnastique est pr\u00e9f\u00e9rable (rondade, saut de main voire flip flap) Gymnase du Marcel Villeneuve 1 bd de la lib\u00e9ration 78230 Le PecqLes jeudi de 18h00 \u00e0 19h30<\/p>\n","protected":false},"author":1,"featured_media":0,"parent":0,"menu_order":0,"comment_status":"closed","ping_status":"closed","template":"","meta":[],"yoast_head":"<!-- This site is optimized with the Yoast SEO plugin v18.4.1 - https:\/\/yoast.com\/wordpress\/plugins\/seo\/ -->\n<title>Tumbling -<\/title>\n<meta name=\"robots\" content=\"index, follow, max-snippet:-1, max-image-preview:large, max-video-preview:-1\" \/>\n<link rel=\"canonical\" href=\"http:\/\/www.lepecqtrampoline.fr\/index.php\/acrobatie-vitess-tumbing-et-double-mini\/\" \/>\n<meta property=\"og:locale\" content=\"en_US\" \/>\n<meta property=\"og:type\" content=\"article\" \/>\n<meta property=\"og:title\" content=\"Tumbling -\" \/>\n<meta property=\"og:description\" content=\"Le Tumbling, un sprint acrobatique! Activit\u00e9 en sommeil\u00a0 Parrain Emmanuel Durand Pour un maximum de plaisir, un niveau de gymnastique est pr\u00e9f\u00e9rable (rondade, saut de main voire flip flap) Gymnase du Marcel Villeneuve 1 bd de la lib\u00e9ration 78230 Le PecqLes jeudi de 18h00 \u00e0 19h30\" \/>\n<meta property=\"og:url\" content=\"http:\/\/www.lepecqtrampoline.fr\/index.php\/acrobatie-vitess-tumbing-et-double-mini\/\" \/>\n<meta property=\"article:publisher\" content=\"https:\/\/www.facebook.com\/Alpicairforce\/\" \/>\n<meta property=\"article:modified_time\" content=\"2025-05-04T09:02:30+00:00\" \/>\n<meta property=\"og:image\" content=\"http:\/\/dev.lepecqtrampoline.fr\/wp-content\/uploads\/2019\/06\/Acrobatie-vitesse-Manumanu-3-150x150.png\" \/>\n<meta name=\"twitter:card\" content=\"summary_large_image\" \/>\n<meta name=\"twitter:label1\" content=\"Est. reading time\" \/>\n\t<meta name=\"twitter:data1\" content=\"2 minutes\" \/>\n<script type=\"application\/ld+json\" class=\"yoast-schema-graph\">{\"@context\":\"https:\/\/schema.org\",\"@graph\":[{\"@type\":\"Organization\",\"@id\":\"https:\/\/www.lepecqtrampoline.fr\/#organization\",\"name\":\"Alpic Air Force Academy\",\"url\":\"https:\/\/www.lepecqtrampoline.fr\/\",\"sameAs\":[\"https:\/\/www.facebook.com\/Alpicairforce\/\"],\"logo\":{\"@type\":\"ImageObject\",\"@id\":\"https:\/\/www.lepecqtrampoline.fr\/#logo\",\"inLanguage\":\"en-US\",\"url\":\"http:\/\/dev.lepecqtrampoline.fr\/wp-content\/uploads\/2019\/06\/logo.png\",\"contentUrl\":\"http:\/\/dev.lepecqtrampoline.fr\/wp-content\/uploads\/2019\/06\/logo.png\",\"width\":546,\"height\":220,\"caption\":\"Alpic Air Force Academy\"},\"image\":{\"@id\":\"https:\/\/www.lepecqtrampoline.fr\/#logo\"}},{\"@type\":\"WebSite\",\"@id\":\"https:\/\/www.lepecqtrampoline.fr\/#website\",\"url\":\"https:\/\/www.lepecqtrampoline.fr\/\",\"name\":\"AlpicAirForce Academy\",\"description\":\"\",\"publisher\":{\"@id\":\"https:\/\/www.lepecqtrampoline.fr\/#organization\"},\"potentialAction\":[{\"@type\":\"SearchAction\",\"target\":{\"@type\":\"EntryPoint\",\"urlTemplate\":\"https:\/\/www.lepecqtrampoline.fr\/?s={search_term_string}\"},\"query-input\":\"required name=search_term_string\"}],\"inLanguage\":\"en-US\"},{\"@type\":\"ImageObject\",\"@id\":\"http:\/\/www.lepecqtrampoline.fr\/index.php\/acrobatie-vitess-tumbing-et-double-mini\/#primaryimage\",\"inLanguage\":\"en-US\",\"url\":\"http:\/\/dev.lepecqtrampoline.fr\/wp-content\/uploads\/2019\/06\/Acrobatie-vitesse-Manumanu-3.png\",\"contentUrl\":\"http:\/\/dev.lepecqtrampoline.fr\/wp-content\/uploads\/2019\/06\/Acrobatie-vitesse-Manumanu-3.png\",\"width\":250,\"height\":374},{\"@type\":\"WebPage\",\"@id\":\"http:\/\/www.lepecqtrampoline.fr\/index.php\/acrobatie-vitess-tumbing-et-double-mini\/#webpage\",\"url\":\"http:\/\/www.lepecqtrampoline.fr\/index.php\/acrobatie-vitess-tumbing-et-double-mini\/\",\"name\":\"Tumbling -\",\"isPartOf\":{\"@id\":\"https:\/\/www.lepecqtrampoline.fr\/#website\"},\"primaryImageOfPage\":{\"@id\":\"http:\/\/www.lepecqtrampoline.fr\/index.php\/acrobatie-vitess-tumbing-et-double-mini\/#primaryimage\"},\"datePublished\":\"2019-05-01T21:14:10+00:00\",\"dateModified\":\"2025-05-04T09:02:30+00:00\",\"breadcrumb\":{\"@id\":\"http:\/\/www.lepecqtrampoline.fr\/index.php\/acrobatie-vitess-tumbing-et-double-mini\/#breadcrumb\"},\"inLanguage\":\"en-US\",\"potentialAction\":[{\"@type\":\"ReadAction\",\"target\":[\"http:\/\/www.lepecqtrampoline.fr\/index.php\/acrobatie-vitess-tumbing-et-double-mini\/\"]}]},{\"@type\":\"BreadcrumbList\",\"@id\":\"http:\/\/www.lepecqtrampoline.fr\/index.php\/acrobatie-vitess-tumbing-et-double-mini\/#breadcrumb\",\"itemListElement\":[{\"@type\":\"ListItem\",\"position\":1,\"name\":\"Accueil\",\"item\":\"https:\/\/www.lepecqtrampoline.fr\/\"},{\"@type\":\"ListItem\",\"position\":2,\"name\":\"Tumbling\"}]}]}<\/script>\n<!-- \/ Yoast SEO plugin. -->","yoast_head_json":{"title":"Tumbling -","robots":{"index":"index","follow":"follow","max-snippet":"max-snippet:-1","max-image-preview":"max-image-preview:large","max-video-preview":"max-video-preview:-1"},"canonical":"http:\/\/www.lepecqtrampoline.fr\/index.php\/acrobatie-vitess-tumbing-et-double-mini\/","og_locale":"en_US","og_type":"article","og_title":"Tumbling -","og_description":"Le Tumbling, un sprint acrobatique! Activit\u00e9 en sommeil\u00a0 Parrain Emmanuel Durand Pour un maximum de plaisir, un niveau de gymnastique est pr\u00e9f\u00e9rable (rondade, saut de main voire flip flap) Gymnase du Marcel Villeneuve 1 bd de la lib\u00e9ration 78230 Le PecqLes jeudi de 18h00 \u00e0 19h30","og_url":"http:\/\/www.lepecqtrampoline.fr\/index.php\/acrobatie-vitess-tumbing-et-double-mini\/","article_publisher":"https:\/\/www.facebook.com\/Alpicairforce\/","article_modified_time":"2025-05-04T09:02:30+00:00","og_image":[{"url":"http:\/\/dev.lepecqtrampoline.fr\/wp-content\/uploads\/2019\/06\/Acrobatie-vitesse-Manumanu-3-150x150.png"}],"twitter_card":"summary_large_image","twitter_misc":{"Est. reading time":"2 minutes"},"schema":{"@context":"https:\/\/schema.org","@graph":[{"@type":"Organization","@id":"https:\/\/www.lepecqtrampoline.fr\/#organization","name":"Alpic Air Force Academy","url":"https:\/\/www.lepecqtrampoline.fr\/","sameAs":["https:\/\/www.facebook.com\/Alpicairforce\/"],"logo":{"@type":"ImageObject","@id":"https:\/\/www.lepecqtrampoline.fr\/#logo","inLanguage":"en-US","url":"http:\/\/dev.lepecqtrampoline.fr\/wp-content\/uploads\/2019\/06\/logo.png","contentUrl":"http:\/\/dev.lepecqtrampoline.fr\/wp-content\/uploads\/2019\/06\/logo.png","width":546,"height":220,"caption":"Alpic Air Force Academy"},"image":{"@id":"https:\/\/www.lepecqtrampoline.fr\/#logo"}},{"@type":"WebSite","@id":"https:\/\/www.lepecqtrampoline.fr\/#website","url":"https:\/\/www.lepecqtrampoline.fr\/","name":"AlpicAirForce Academy","description":"","publisher":{"@id":"https:\/\/www.lepecqtrampoline.fr\/#organization"},"potentialAction":[{"@type":"SearchAction","target":{"@type":"EntryPoint","urlTemplate":"https:\/\/www.lepecqtrampoline.fr\/?s={search_term_string}"},"query-input":"required name=search_term_string"}],"inLanguage":"en-US"},{"@type":"ImageObject","@id":"http:\/\/www.lepecqtrampoline.fr\/index.php\/acrobatie-vitess-tumbing-et-double-mini\/#primaryimage","inLanguage":"en-US","url":"http:\/\/dev.lepecqtrampoline.fr\/wp-content\/uploads\/2019\/06\/Acrobatie-vitesse-Manumanu-3.png","contentUrl":"http:\/\/dev.lepecqtrampoline.fr\/wp-content\/uploads\/2019\/06\/Acrobatie-vitesse-Manumanu-3.png","width":250,"height":374},{"@type":"WebPage","@id":"http:\/\/www.lepecqtrampoline.fr\/index.php\/acrobatie-vitess-tumbing-et-double-mini\/#webpage","url":"http:\/\/www.lepecqtrampoline.fr\/index.php\/acrobatie-vitess-tumbing-et-double-mini\/","name":"Tumbling -","isPartOf":{"@id":"https:\/\/www.lepecqtrampoline.fr\/#website"},"primaryImageOfPage":{"@id":"http:\/\/www.lepecqtrampoline.fr\/index.php\/acrobatie-vitess-tumbing-et-double-mini\/#primaryimage"},"datePublished":"2019-05-01T21:14:10+00:00","dateModified":"2025-05-04T09:02:30+00:00","breadcrumb":{"@id":"http:\/\/www.lepecqtrampoline.fr\/index.php\/acrobatie-vitess-tumbing-et-double-mini\/#breadcrumb"},"inLanguage":"en-US","potentialAction":[{"@type":"ReadAction","target":["http:\/\/www.lepecqtrampoline.fr\/index.php\/acrobatie-vitess-tumbing-et-double-mini\/"]}]},{"@type":"BreadcrumbList","@id":"http:\/\/www.lepecqtrampoline.fr\/index.php\/acrobatie-vitess-tumbing-et-double-mini\/#breadcrumb","itemListElement":[{"@type":"ListItem","position":1,"name":"Accueil","item":"https:\/\/www.lepecqtrampoline.fr\/"},{"@type":"ListItem","position":2,"name":"Tumbling"}]}]}},"_links":{"self":[{"href":"http:\/\/www.lepecqtrampoline.fr\/index.php\/wp-json\/wp\/v2\/pages\/33"}],"collection":[{"href":"http:\/\/www.lepecqtrampoline.fr\/index.php\/wp-json\/wp\/v2\/pages"}],"about":[{"href":"http:\/\/www.lepecqtrampoline.fr\/index.php\/wp-json\/wp\/v2\/types\/page"}],"author":[{"embeddable":true,"href":"http:\/\/www.lepecqtrampoline.fr\/index.php\/wp-json\/wp\/v2\/users\/1"}],"replies":[{"embeddable":true,"href":"http:\/\/www.lepecqtrampoline.fr\/index.php\/wp-json\/wp\/v2\/comments?post=33"}],"version-history":[{"count":39,"href":"http:\/\/www.lepecqtrampoline.fr\/index.php\/wp-json\/wp\/v2\/pages\/33\/revisions"}],"predecessor-version":[{"id":1475,"href":"http:\/\/www.lepecqtrampoline.fr\/index.php\/wp-json\/wp\/v2\/pages\/33\/revisions\/1475"}],"wp:attachment":[{"href":"http:\/\/www.lepecqtrampoline.fr\/index.php\/wp-json\/wp\/v2\/media?parent=33"}],"curies":[{"name":"wp","href":"https:\/\/api.w.org\/{rel}","templated":true}]}}