{"id":29,"date":"2019-05-01T23:14:10","date_gmt":"2019-05-01T21:14:10","guid":{"rendered":"http:\/\/dev.lepecqtrampoline.fr\/?page_id=29"},"modified":"2025-04-26T14:13:29","modified_gmt":"2025-04-26T12:13:29","slug":"acrobatie-adaptee","status":"publish","type":"page","link":"http:\/\/www.lepecqtrampoline.fr\/index.php\/acrobatie-adaptee\/","title":{"rendered":"Acrobatie Adapt\u00e9e"},"content":{"rendered":"\r\n<h3><strong>Parrain Mickael Renault<\/strong><\/h3>\r\n\r\n\r\n\r\n<div class=\"wp-block-image\">\r\n<figure class=\"alignleft is-resized\"><img loading=\"lazy\" class=\"wp-image-541\" src=\"http:\/\/dev.lepecqtrampoline.fr\/wp-content\/uploads\/2019\/06\/Micka-Renault-150x150.jpg\" alt=\"\" width=\"100\" height=\"100\" \/><\/figure>\r\n<\/div>\r\n\r\n\r\n\r\n<p>&nbsp;<\/p>\r\n\r\n\r\n\r\n<p><em>Trampoliniste de niveau International, finaliste de Coupe du Monde, Mickael a \u00e9t\u00e9 un partenaire d&#8217;entrainement exceptionnel ! Notre acrobate a toujours \u00e9t\u00e9 \u00e0 l\u2019\u00e9coute des probl\u00e8mes de chacun il est normal qu\u2019il soit le parrain de la section adapt\u00e9e du club.<\/em><\/p>\r\n\r\n\r\n<hr class=\"wp-block-separator\" \/>\r\n\r\n\r\n<p>Engag\u00e9 depuis de nombreuses ann\u00e9es pour accueillir un public en situation de handicap au sein de nos cours, nous avons une section sp\u00e9cifique gr\u00e2ce \u00e0 la pr\u00e9sence parmi nos cadres d\u2019une Psychomotricienne et d&#8217;une cadre APA sp\u00e9cialis\u00e9es en Sports Acrobatiques.<\/p>\r\n\r\n\r\n\r\n<p>Nous accueillons les jeunes\u00a0avec d\u00e9ficiences intellectuelles\u00a0ou ayant des troubles du d\u00e9veloppement\u00a0\u00a0en leur proposant des parcours gymniques adapt\u00e9s, du Trampoline et Mini Trampoline<\/p>\r\n\r\n\r\n\r\n<p>Les enfants apprendront \u00e0 contr\u00f4ler leur corps dans leurs d\u00e9placements et en situation a\u00e9rienne.\u00a0<\/p>\r\n\r\n\r\n\r\n<p><em>Gymnase Roby rue Alexandre Dumas\u00a0 St Germain en Laye les mercredis de 17h00 \u00e0 17h45<\/em><\/p>\r\n","protected":false},"excerpt":{"rendered":"<p>Parrain Mickael Renault &nbsp; Trampoliniste de niveau International, finaliste de Coupe du Monde, Mickael a \u00e9t\u00e9 un partenaire d&#8217;entrainement exceptionnel ! Notre acrobate a toujours \u00e9t\u00e9 \u00e0 l\u2019\u00e9coute des probl\u00e8mes de chacun il est normal qu\u2019il soit le parrain de la section adapt\u00e9e du club. Engag\u00e9 depuis de nombreuses ann\u00e9es pour accueillir un public en [&hellip;]<\/p>\n","protected":false},"author":1,"featured_media":0,"parent":0,"menu_order":0,"comment_status":"closed","ping_status":"closed","template":"","meta":[],"yoast_head":"<!-- This site is optimized with the Yoast SEO plugin v18.4.1 - https:\/\/yoast.com\/wordpress\/plugins\/seo\/ -->\n<title>Acrobatie Adapt\u00e9e -<\/title>\n<meta name=\"robots\" content=\"index, follow, max-snippet:-1, max-image-preview:large, max-video-preview:-1\" \/>\n<link rel=\"canonical\" href=\"http:\/\/www.lepecqtrampoline.fr\/index.php\/acrobatie-adaptee\/\" \/>\n<meta property=\"og:locale\" content=\"en_US\" \/>\n<meta property=\"og:type\" content=\"article\" \/>\n<meta property=\"og:title\" content=\"Acrobatie Adapt\u00e9e -\" \/>\n<meta property=\"og:description\" content=\"Parrain Mickael Renault &nbsp; Trampoliniste de niveau International, finaliste de Coupe du Monde, Mickael a \u00e9t\u00e9 un partenaire d&#8217;entrainement exceptionnel ! Notre acrobate a toujours \u00e9t\u00e9 \u00e0 l\u2019\u00e9coute des probl\u00e8mes de chacun il est normal qu\u2019il soit le parrain de la section adapt\u00e9e du club. Engag\u00e9 depuis de nombreuses ann\u00e9es pour accueillir un public en [&hellip;]\" \/>\n<meta property=\"og:url\" content=\"http:\/\/www.lepecqtrampoline.fr\/index.php\/acrobatie-adaptee\/\" \/>\n<meta property=\"article:publisher\" content=\"https:\/\/www.facebook.com\/Alpicairforce\/\" \/>\n<meta property=\"article:modified_time\" content=\"2025-04-26T12:13:29+00:00\" \/>\n<meta property=\"og:image\" content=\"http:\/\/dev.lepecqtrampoline.fr\/wp-content\/uploads\/2019\/06\/Micka-Renault-150x150.jpg\" \/>\n<meta name=\"twitter:card\" content=\"summary_large_image\" \/>\n<meta name=\"twitter:label1\" content=\"Est. reading time\" \/>\n\t<meta name=\"twitter:data1\" content=\"1 minute\" \/>\n<script type=\"application\/ld+json\" class=\"yoast-schema-graph\">{\"@context\":\"https:\/\/schema.org\",\"@graph\":[{\"@type\":\"Organization\",\"@id\":\"http:\/\/www.lepecqtrampoline.fr\/#organization\",\"name\":\"Alpic Air Force Academy\",\"url\":\"http:\/\/www.lepecqtrampoline.fr\/\",\"sameAs\":[\"https:\/\/www.facebook.com\/Alpicairforce\/\"],\"logo\":{\"@type\":\"ImageObject\",\"@id\":\"http:\/\/www.lepecqtrampoline.fr\/#logo\",\"inLanguage\":\"en-US\",\"url\":\"http:\/\/dev.lepecqtrampoline.fr\/wp-content\/uploads\/2019\/06\/logo.png\",\"contentUrl\":\"http:\/\/dev.lepecqtrampoline.fr\/wp-content\/uploads\/2019\/06\/logo.png\",\"width\":546,\"height\":220,\"caption\":\"Alpic Air Force Academy\"},\"image\":{\"@id\":\"http:\/\/www.lepecqtrampoline.fr\/#logo\"}},{\"@type\":\"WebSite\",\"@id\":\"http:\/\/www.lepecqtrampoline.fr\/#website\",\"url\":\"http:\/\/www.lepecqtrampoline.fr\/\",\"name\":\"AlpicAirForce Academy\",\"description\":\"\",\"publisher\":{\"@id\":\"http:\/\/www.lepecqtrampoline.fr\/#organization\"},\"potentialAction\":[{\"@type\":\"SearchAction\",\"target\":{\"@type\":\"EntryPoint\",\"urlTemplate\":\"http:\/\/www.lepecqtrampoline.fr\/?s={search_term_string}\"},\"query-input\":\"required name=search_term_string\"}],\"inLanguage\":\"en-US\"},{\"@type\":\"ImageObject\",\"@id\":\"http:\/\/www.lepecqtrampoline.fr\/index.php\/acrobatie-adaptee\/#primaryimage\",\"inLanguage\":\"en-US\",\"url\":\"http:\/\/dev.lepecqtrampoline.fr\/wp-content\/uploads\/2019\/06\/Micka-Renault.jpg\",\"contentUrl\":\"http:\/\/dev.lepecqtrampoline.fr\/wp-content\/uploads\/2019\/06\/Micka-Renault.jpg\",\"width\":478,\"height\":720},{\"@type\":\"WebPage\",\"@id\":\"http:\/\/www.lepecqtrampoline.fr\/index.php\/acrobatie-adaptee\/#webpage\",\"url\":\"http:\/\/www.lepecqtrampoline.fr\/index.php\/acrobatie-adaptee\/\",\"name\":\"Acrobatie Adapt\u00e9e -\",\"isPartOf\":{\"@id\":\"http:\/\/www.lepecqtrampoline.fr\/#website\"},\"primaryImageOfPage\":{\"@id\":\"http:\/\/www.lepecqtrampoline.fr\/index.php\/acrobatie-adaptee\/#primaryimage\"},\"datePublished\":\"2019-05-01T21:14:10+00:00\",\"dateModified\":\"2025-04-26T12:13:29+00:00\",\"breadcrumb\":{\"@id\":\"http:\/\/www.lepecqtrampoline.fr\/index.php\/acrobatie-adaptee\/#breadcrumb\"},\"inLanguage\":\"en-US\",\"potentialAction\":[{\"@type\":\"ReadAction\",\"target\":[\"http:\/\/www.lepecqtrampoline.fr\/index.php\/acrobatie-adaptee\/\"]}]},{\"@type\":\"BreadcrumbList\",\"@id\":\"http:\/\/www.lepecqtrampoline.fr\/index.php\/acrobatie-adaptee\/#breadcrumb\",\"itemListElement\":[{\"@type\":\"ListItem\",\"position\":1,\"name\":\"Accueil\",\"item\":\"http:\/\/www.lepecqtrampoline.fr\/\"},{\"@type\":\"ListItem\",\"position\":2,\"name\":\"Acrobatie Adapt\u00e9e\"}]}]}<\/script>\n<!-- \/ Yoast SEO plugin. -->","yoast_head_json":{"title":"Acrobatie Adapt\u00e9e -","robots":{"index":"index","follow":"follow","max-snippet":"max-snippet:-1","max-image-preview":"max-image-preview:large","max-video-preview":"max-video-preview:-1"},"canonical":"http:\/\/www.lepecqtrampoline.fr\/index.php\/acrobatie-adaptee\/","og_locale":"en_US","og_type":"article","og_title":"Acrobatie Adapt\u00e9e -","og_description":"Parrain Mickael Renault &nbsp; Trampoliniste de niveau International, finaliste de Coupe du Monde, Mickael a \u00e9t\u00e9 un partenaire d&#8217;entrainement exceptionnel ! Notre acrobate a toujours \u00e9t\u00e9 \u00e0 l\u2019\u00e9coute des probl\u00e8mes de chacun il est normal qu\u2019il soit le parrain de la section adapt\u00e9e du club. Engag\u00e9 depuis de nombreuses ann\u00e9es pour accueillir un public en [&hellip;]","og_url":"http:\/\/www.lepecqtrampoline.fr\/index.php\/acrobatie-adaptee\/","article_publisher":"https:\/\/www.facebook.com\/Alpicairforce\/","article_modified_time":"2025-04-26T12:13:29+00:00","og_image":[{"url":"http:\/\/dev.lepecqtrampoline.fr\/wp-content\/uploads\/2019\/06\/Micka-Renault-150x150.jpg"}],"twitter_card":"summary_large_image","twitter_misc":{"Est. reading time":"1 minute"},"schema":{"@context":"https:\/\/schema.org","@graph":[{"@type":"Organization","@id":"http:\/\/www.lepecqtrampoline.fr\/#organization","name":"Alpic Air Force Academy","url":"http:\/\/www.lepecqtrampoline.fr\/","sameAs":["https:\/\/www.facebook.com\/Alpicairforce\/"],"logo":{"@type":"ImageObject","@id":"http:\/\/www.lepecqtrampoline.fr\/#logo","inLanguage":"en-US","url":"http:\/\/dev.lepecqtrampoline.fr\/wp-content\/uploads\/2019\/06\/logo.png","contentUrl":"http:\/\/dev.lepecqtrampoline.fr\/wp-content\/uploads\/2019\/06\/logo.png","width":546,"height":220,"caption":"Alpic Air Force Academy"},"image":{"@id":"http:\/\/www.lepecqtrampoline.fr\/#logo"}},{"@type":"WebSite","@id":"http:\/\/www.lepecqtrampoline.fr\/#website","url":"http:\/\/www.lepecqtrampoline.fr\/","name":"AlpicAirForce Academy","description":"","publisher":{"@id":"http:\/\/www.lepecqtrampoline.fr\/#organization"},"potentialAction":[{"@type":"SearchAction","target":{"@type":"EntryPoint","urlTemplate":"http:\/\/www.lepecqtrampoline.fr\/?s={search_term_string}"},"query-input":"required name=search_term_string"}],"inLanguage":"en-US"},{"@type":"ImageObject","@id":"http:\/\/www.lepecqtrampoline.fr\/index.php\/acrobatie-adaptee\/#primaryimage","inLanguage":"en-US","url":"http:\/\/dev.lepecqtrampoline.fr\/wp-content\/uploads\/2019\/06\/Micka-Renault.jpg","contentUrl":"http:\/\/dev.lepecqtrampoline.fr\/wp-content\/uploads\/2019\/06\/Micka-Renault.jpg","width":478,"height":720},{"@type":"WebPage","@id":"http:\/\/www.lepecqtrampoline.fr\/index.php\/acrobatie-adaptee\/#webpage","url":"http:\/\/www.lepecqtrampoline.fr\/index.php\/acrobatie-adaptee\/","name":"Acrobatie Adapt\u00e9e -","isPartOf":{"@id":"http:\/\/www.lepecqtrampoline.fr\/#website"},"primaryImageOfPage":{"@id":"http:\/\/www.lepecqtrampoline.fr\/index.php\/acrobatie-adaptee\/#primaryimage"},"datePublished":"2019-05-01T21:14:10+00:00","dateModified":"2025-04-26T12:13:29+00:00","breadcrumb":{"@id":"http:\/\/www.lepecqtrampoline.fr\/index.php\/acrobatie-adaptee\/#breadcrumb"},"inLanguage":"en-US","potentialAction":[{"@type":"ReadAction","target":["http:\/\/www.lepecqtrampoline.fr\/index.php\/acrobatie-adaptee\/"]}]},{"@type":"BreadcrumbList","@id":"http:\/\/www.lepecqtrampoline.fr\/index.php\/acrobatie-adaptee\/#breadcrumb","itemListElement":[{"@type":"ListItem","position":1,"name":"Accueil","item":"http:\/\/www.lepecqtrampoline.fr\/"},{"@type":"ListItem","position":2,"name":"Acrobatie Adapt\u00e9e"}]}]}},"_links":{"self":[{"href":"http:\/\/www.lepecqtrampoline.fr\/index.php\/wp-json\/wp\/v2\/pages\/29"}],"collection":[{"href":"http:\/\/www.lepecqtrampoline.fr\/index.php\/wp-json\/wp\/v2\/pages"}],"about":[{"href":"http:\/\/www.lepecqtrampoline.fr\/index.php\/wp-json\/wp\/v2\/types\/page"}],"author":[{"embeddable":true,"href":"http:\/\/www.lepecqtrampoline.fr\/index.php\/wp-json\/wp\/v2\/users\/1"}],"replies":[{"embeddable":true,"href":"http:\/\/www.lepecqtrampoline.fr\/index.php\/wp-json\/wp\/v2\/comments?post=29"}],"version-history":[{"count":21,"href":"http:\/\/www.lepecqtrampoline.fr\/index.php\/wp-json\/wp\/v2\/pages\/29\/revisions"}],"predecessor-version":[{"id":1439,"href":"http:\/\/www.lepecqtrampoline.fr\/index.php\/wp-json\/wp\/v2\/pages\/29\/revisions\/1439"}],"wp:attachment":[{"href":"http:\/\/www.lepecqtrampoline.fr\/index.php\/wp-json\/wp\/v2\/media?parent=29"}],"curies":[{"name":"wp","href":"https:\/\/api.w.org\/{rel}","templated":true}]}}