{"id":1073,"date":"2021-08-12T19:36:13","date_gmt":"2021-08-12T17:36:13","guid":{"rendered":"http:\/\/www.lepecqtrampoline.fr\/?page_id=1073"},"modified":"2025-06-01T18:35:24","modified_gmt":"2025-06-01T16:35:24","slug":"multi-activite-vers-le-spectacle","status":"publish","type":"page","link":"http:\/\/www.lepecqtrampoline.fr\/index.php\/multi-activite-vers-le-spectacle\/","title":{"rendered":"Gym agr\u00e8s sol Mini trampo"},"content":{"rendered":"<h3>Gym Plaisir<\/h3>\n<p>Acrobatie et Agr\u00e8s<\/p>\n<p>A partir de 7 ans, <strong>pratique du mini trampoline, saut de cheval et acrobatie au sol sur piste gonflable, barres et poutre<\/strong> samedi 14h30 16h<\/p>\n<h3><\/h3>\n<p><img loading=\"lazy\" class=\"alignnone wp-image-1324\" src=\"http:\/\/dev.lepecqtrampoline.fr\/wp-content\/uploads\/2023\/05\/teamgym-visuel-visuelmajeur-fredericbulin-jpg-603-1024x576.jpeg\" alt=\"\" width=\"315\" height=\"177\" srcset=\"http:\/\/dev.lepecqtrampoline.fr\/wp-content\/uploads\/2023\/05\/teamgym-visuel-visuelmajeur-fredericbulin-jpg-603-1024x576.jpeg 1024w, http:\/\/dev.lepecqtrampoline.fr\/wp-content\/uploads\/2023\/05\/teamgym-visuel-visuelmajeur-fredericbulin-jpg-603-300x169.jpeg 300w, http:\/\/dev.lepecqtrampoline.fr\/wp-content\/uploads\/2023\/05\/teamgym-visuel-visuelmajeur-fredericbulin-jpg-603-768x432.jpeg 768w, http:\/\/dev.lepecqtrampoline.fr\/wp-content\/uploads\/2023\/05\/teamgym-visuel-visuelmajeur-fredericbulin-jpg-603-1536x864.jpeg 1536w, http:\/\/dev.lepecqtrampoline.fr\/wp-content\/uploads\/2023\/05\/teamgym-visuel-visuelmajeur-fredericbulin-jpg-603-2048x1152.jpeg 2048w\" sizes=\"(max-width: 315px) 100vw, 315px\" \/><\/p>\n<p><img loading=\"lazy\" class=\"alignnone wp-image-1325\" src=\"http:\/\/dev.lepecqtrampoline.fr\/wp-content\/uploads\/2023\/05\/teamgym-visuel-visuelmajeur-fredericbulin2-jpg-602-1024x683.jpeg\" alt=\"\" width=\"297\" height=\"198\" srcset=\"http:\/\/dev.lepecqtrampoline.fr\/wp-content\/uploads\/2023\/05\/teamgym-visuel-visuelmajeur-fredericbulin2-jpg-602-1024x683.jpeg 1024w, http:\/\/dev.lepecqtrampoline.fr\/wp-content\/uploads\/2023\/05\/teamgym-visuel-visuelmajeur-fredericbulin2-jpg-602-300x200.jpeg 300w, http:\/\/dev.lepecqtrampoline.fr\/wp-content\/uploads\/2023\/05\/teamgym-visuel-visuelmajeur-fredericbulin2-jpg-602-768x512.jpeg 768w, http:\/\/dev.lepecqtrampoline.fr\/wp-content\/uploads\/2023\/05\/teamgym-visuel-visuelmajeur-fredericbulin2-jpg-602-1536x1024.jpeg 1536w, http:\/\/dev.lepecqtrampoline.fr\/wp-content\/uploads\/2023\/05\/teamgym-visuel-visuelmajeur-fredericbulin2-jpg-602-2048x1365.jpeg 2048w\" sizes=\"(max-width: 297px) 100vw, 297px\" \/><\/p>\n<h3><\/h3>\n<h3>Gym en sc\u00e8ne <span style=\"color: #ff0000;\">Activit\u00e9 en sommeil<\/span><\/h3>\n<p><strong>Une coop\u00e9ration entre les arts sc\u00e9niques et l&#8217;acrobatie!<\/strong><\/p>\n<p>Vers la Gymnaestrada<\/p>\n<p><img loading=\"lazy\" class=\"alignnone wp-image-1091\" src=\"http:\/\/dev.lepecqtrampoline.fr\/wp-content\/uploads\/2021\/08\/lili-lange-bulle.jpeg\" alt=\"\" width=\"461\" height=\"290\" srcset=\"http:\/\/dev.lepecqtrampoline.fr\/wp-content\/uploads\/2021\/08\/lili-lange-bulle.jpeg 960w, http:\/\/dev.lepecqtrampoline.fr\/wp-content\/uploads\/2021\/08\/lili-lange-bulle-300x189.jpeg 300w, http:\/\/dev.lepecqtrampoline.fr\/wp-content\/uploads\/2021\/08\/lili-lange-bulle-768x483.jpeg 768w\" sizes=\"(max-width: 461px) 100vw, 461px\" \/><\/p>\n<p>L&#8217;objectif est \u00e0 terme de pr\u00e9senter des \u00e9quipes lors des grands \u00e9v\u00e8nements organis\u00e9s par la f\u00e9d\u00e9ration Internationale de Gymnastique :<\/p>\n<p>Golden Age, Gymnaestrada, Eurogym&#8230;<\/p>\n<p>Pratique au choix\u00a0 de plusieurs activit\u00e9s acrobatiques et chor\u00e9graphiques<\/p>\n<ul>\n<li>Expression corporelle<\/li>\n<li>Arts sc\u00e9niques<\/li>\n<li>Gymnastique au sol<\/li>\n<li>Gymnastique acrobatique<\/li>\n<li>Gymnastique artistique<\/li>\n<li>Mini trampoline<\/li>\n<li>Tumbling<\/li>\n<li>Acrobatie au saut de cheval<\/li>\n<li>&#8230;.<\/li>\n<\/ul>\n<p>Objectif : Cr\u00e9ation de spectacles en partenariat avec la compagnie th\u00e9\u00e2trale<a href=\"http:\/\/www.scapatel.fr\"><strong> Scapatel.<\/strong><\/a><\/p>\n\n\t\t<style type=\"text\/css\">\n\t\t\t#gallery-1 {\n\t\t\t\tmargin: auto;\n\t\t\t}\n\t\t\t#gallery-1 .gallery-item {\n\t\t\t\tfloat: left;\n\t\t\t\tmargin-top: 10px;\n\t\t\t\ttext-align: center;\n\t\t\t\twidth: 33%;\n\t\t\t}\n\t\t\t#gallery-1 img {\n\t\t\t\tborder: 2px solid #cfcfcf;\n\t\t\t}\n\t\t\t#gallery-1 .gallery-caption {\n\t\t\t\tmargin-left: 0;\n\t\t\t}\n\t\t\t\/* see gallery_shortcode() in wp-includes\/media.php *\/\n\t\t<\/style>\n\t\t<div id='gallery-1' class='gallery galleryid-1073 gallery-columns-3 gallery-size-thumbnail'><dl class='gallery-item'>\n\t\t\t<dt class='gallery-icon landscape'>\n\t\t\t\t<a href='http:\/\/www.lepecqtrampoline.fr\/lili-lange-bulle3\/'><img width=\"150\" height=\"150\" src=\"http:\/\/dev.lepecqtrampoline.fr\/wp-content\/uploads\/2021\/08\/lili-lange-bulle3-150x150.jpeg\" class=\"attachment-thumbnail size-thumbnail\" alt=\"\" loading=\"lazy\" \/><\/a>\n\t\t\t<\/dt><\/dl><dl class='gallery-item'>\n\t\t\t<dt class='gallery-icon landscape'>\n\t\t\t\t<a href='http:\/\/www.lepecqtrampoline.fr\/lili-lange-bulle-2\/'><img width=\"150\" height=\"150\" src=\"http:\/\/dev.lepecqtrampoline.fr\/wp-content\/uploads\/2021\/08\/lili-lange-bulle-2-150x150.jpeg\" class=\"attachment-thumbnail size-thumbnail\" alt=\"\" loading=\"lazy\" \/><\/a>\n\t\t\t<\/dt><\/dl><dl class='gallery-item'>\n\t\t\t<dt class='gallery-icon landscape'>\n\t\t\t\t<a href='http:\/\/www.lepecqtrampoline.fr\/index.php\/multi-activite-vers-le-spectacle\/lili-lange-bulle\/'><img width=\"150\" height=\"150\" src=\"http:\/\/dev.lepecqtrampoline.fr\/wp-content\/uploads\/2021\/08\/lili-lange-bulle-150x150.jpeg\" class=\"attachment-thumbnail size-thumbnail\" alt=\"\" loading=\"lazy\" \/><\/a>\n\t\t\t<\/dt><\/dl><br style=\"clear: both\" \/>\n\t\t<\/div>\n\n<p><em>Samedi St Germain en Laye de 17h30 \u00e0 19h<\/em><\/p>\n","protected":false},"excerpt":{"rendered":"<p>Gym Plaisir Acrobatie et Agr\u00e8s A partir de 7 ans, pratique du mini trampoline, saut de cheval et acrobatie au sol sur piste gonflable, barres et poutre samedi 14h30 16h Gym en sc\u00e8ne Activit\u00e9 en sommeil Une coop\u00e9ration entre les arts sc\u00e9niques et l&#8217;acrobatie! Vers la Gymnaestrada L&#8217;objectif est \u00e0 terme de pr\u00e9senter des \u00e9quipes [&hellip;]<\/p>\n","protected":false},"author":1,"featured_media":0,"parent":0,"menu_order":0,"comment_status":"closed","ping_status":"closed","template":"","meta":[],"yoast_head":"<!-- This site is optimized with the Yoast SEO plugin v18.4.1 - https:\/\/yoast.com\/wordpress\/plugins\/seo\/ -->\n<title>Gym agr\u00e8s sol Mini trampo -<\/title>\n<meta name=\"robots\" content=\"index, follow, max-snippet:-1, max-image-preview:large, max-video-preview:-1\" \/>\n<link rel=\"canonical\" href=\"http:\/\/www.lepecqtrampoline.fr\/index.php\/multi-activite-vers-le-spectacle\/\" \/>\n<meta property=\"og:locale\" content=\"en_US\" \/>\n<meta property=\"og:type\" content=\"article\" \/>\n<meta property=\"og:title\" content=\"Gym agr\u00e8s sol Mini trampo -\" \/>\n<meta property=\"og:description\" content=\"Gym Plaisir Acrobatie et Agr\u00e8s A partir de 7 ans, pratique du mini trampoline, saut de cheval et acrobatie au sol sur piste gonflable, barres et poutre samedi 14h30 16h Gym en sc\u00e8ne Activit\u00e9 en sommeil Une coop\u00e9ration entre les arts sc\u00e9niques et l&#8217;acrobatie! Vers la Gymnaestrada L&#8217;objectif est \u00e0 terme de pr\u00e9senter des \u00e9quipes [&hellip;]\" \/>\n<meta property=\"og:url\" content=\"http:\/\/www.lepecqtrampoline.fr\/index.php\/multi-activite-vers-le-spectacle\/\" \/>\n<meta property=\"article:publisher\" content=\"https:\/\/www.facebook.com\/Alpicairforce\/\" \/>\n<meta property=\"article:modified_time\" content=\"2025-06-01T16:35:24+00:00\" \/>\n<meta property=\"og:image\" content=\"http:\/\/dev.lepecqtrampoline.fr\/wp-content\/uploads\/2021\/08\/lili-lange-bulle3-150x150.jpeg\" \/>\n<meta name=\"twitter:card\" content=\"summary_large_image\" \/>\n<meta name=\"twitter:label1\" content=\"Est. reading time\" \/>\n\t<meta name=\"twitter:data1\" content=\"1 minute\" \/>\n<script type=\"application\/ld+json\" class=\"yoast-schema-graph\">{\"@context\":\"https:\/\/schema.org\",\"@graph\":[{\"@type\":\"Organization\",\"@id\":\"http:\/\/www.lepecqtrampoline.fr\/#organization\",\"name\":\"Alpic Air Force Academy\",\"url\":\"http:\/\/www.lepecqtrampoline.fr\/\",\"sameAs\":[\"https:\/\/www.facebook.com\/Alpicairforce\/\"],\"logo\":{\"@type\":\"ImageObject\",\"@id\":\"http:\/\/www.lepecqtrampoline.fr\/#logo\",\"inLanguage\":\"en-US\",\"url\":\"http:\/\/dev.lepecqtrampoline.fr\/wp-content\/uploads\/2019\/06\/logo.png\",\"contentUrl\":\"http:\/\/dev.lepecqtrampoline.fr\/wp-content\/uploads\/2019\/06\/logo.png\",\"width\":546,\"height\":220,\"caption\":\"Alpic Air Force Academy\"},\"image\":{\"@id\":\"http:\/\/www.lepecqtrampoline.fr\/#logo\"}},{\"@type\":\"WebSite\",\"@id\":\"http:\/\/www.lepecqtrampoline.fr\/#website\",\"url\":\"http:\/\/www.lepecqtrampoline.fr\/\",\"name\":\"AlpicAirForce Academy\",\"description\":\"\",\"publisher\":{\"@id\":\"http:\/\/www.lepecqtrampoline.fr\/#organization\"},\"potentialAction\":[{\"@type\":\"SearchAction\",\"target\":{\"@type\":\"EntryPoint\",\"urlTemplate\":\"http:\/\/www.lepecqtrampoline.fr\/?s={search_term_string}\"},\"query-input\":\"required name=search_term_string\"}],\"inLanguage\":\"en-US\"},{\"@type\":\"ImageObject\",\"@id\":\"http:\/\/www.lepecqtrampoline.fr\/index.php\/multi-activite-vers-le-spectacle\/#primaryimage\",\"inLanguage\":\"en-US\",\"url\":\"http:\/\/dev.lepecqtrampoline.fr\/wp-content\/uploads\/2023\/05\/teamgym-visuel-visuelmajeur-fredericbulin-jpg-603-1024x576.jpeg\",\"contentUrl\":\"http:\/\/dev.lepecqtrampoline.fr\/wp-content\/uploads\/2023\/05\/teamgym-visuel-visuelmajeur-fredericbulin-jpg-603-1024x576.jpeg\"},{\"@type\":\"WebPage\",\"@id\":\"http:\/\/www.lepecqtrampoline.fr\/index.php\/multi-activite-vers-le-spectacle\/#webpage\",\"url\":\"http:\/\/www.lepecqtrampoline.fr\/index.php\/multi-activite-vers-le-spectacle\/\",\"name\":\"Gym agr\u00e8s sol Mini trampo -\",\"isPartOf\":{\"@id\":\"http:\/\/www.lepecqtrampoline.fr\/#website\"},\"primaryImageOfPage\":{\"@id\":\"http:\/\/www.lepecqtrampoline.fr\/index.php\/multi-activite-vers-le-spectacle\/#primaryimage\"},\"datePublished\":\"2021-08-12T17:36:13+00:00\",\"dateModified\":\"2025-06-01T16:35:24+00:00\",\"breadcrumb\":{\"@id\":\"http:\/\/www.lepecqtrampoline.fr\/index.php\/multi-activite-vers-le-spectacle\/#breadcrumb\"},\"inLanguage\":\"en-US\",\"potentialAction\":[{\"@type\":\"ReadAction\",\"target\":[\"http:\/\/www.lepecqtrampoline.fr\/index.php\/multi-activite-vers-le-spectacle\/\"]}]},{\"@type\":\"BreadcrumbList\",\"@id\":\"http:\/\/www.lepecqtrampoline.fr\/index.php\/multi-activite-vers-le-spectacle\/#breadcrumb\",\"itemListElement\":[{\"@type\":\"ListItem\",\"position\":1,\"name\":\"Accueil\",\"item\":\"http:\/\/www.lepecqtrampoline.fr\/\"},{\"@type\":\"ListItem\",\"position\":2,\"name\":\"Gym agr\u00e8s sol Mini trampo\"}]}]}<\/script>\n<!-- \/ Yoast SEO plugin. -->","yoast_head_json":{"title":"Gym agr\u00e8s sol Mini trampo -","robots":{"index":"index","follow":"follow","max-snippet":"max-snippet:-1","max-image-preview":"max-image-preview:large","max-video-preview":"max-video-preview:-1"},"canonical":"http:\/\/www.lepecqtrampoline.fr\/index.php\/multi-activite-vers-le-spectacle\/","og_locale":"en_US","og_type":"article","og_title":"Gym agr\u00e8s sol Mini trampo -","og_description":"Gym Plaisir Acrobatie et Agr\u00e8s A partir de 7 ans, pratique du mini trampoline, saut de cheval et acrobatie au sol sur piste gonflable, barres et poutre samedi 14h30 16h Gym en sc\u00e8ne Activit\u00e9 en sommeil Une coop\u00e9ration entre les arts sc\u00e9niques et l&#8217;acrobatie! Vers la Gymnaestrada L&#8217;objectif est \u00e0 terme de pr\u00e9senter des \u00e9quipes [&hellip;]","og_url":"http:\/\/www.lepecqtrampoline.fr\/index.php\/multi-activite-vers-le-spectacle\/","article_publisher":"https:\/\/www.facebook.com\/Alpicairforce\/","article_modified_time":"2025-06-01T16:35:24+00:00","og_image":[{"url":"http:\/\/dev.lepecqtrampoline.fr\/wp-content\/uploads\/2021\/08\/lili-lange-bulle3-150x150.jpeg"}],"twitter_card":"summary_large_image","twitter_misc":{"Est. reading time":"1 minute"},"schema":{"@context":"https:\/\/schema.org","@graph":[{"@type":"Organization","@id":"http:\/\/www.lepecqtrampoline.fr\/#organization","name":"Alpic Air Force Academy","url":"http:\/\/www.lepecqtrampoline.fr\/","sameAs":["https:\/\/www.facebook.com\/Alpicairforce\/"],"logo":{"@type":"ImageObject","@id":"http:\/\/www.lepecqtrampoline.fr\/#logo","inLanguage":"en-US","url":"http:\/\/dev.lepecqtrampoline.fr\/wp-content\/uploads\/2019\/06\/logo.png","contentUrl":"http:\/\/dev.lepecqtrampoline.fr\/wp-content\/uploads\/2019\/06\/logo.png","width":546,"height":220,"caption":"Alpic Air Force Academy"},"image":{"@id":"http:\/\/www.lepecqtrampoline.fr\/#logo"}},{"@type":"WebSite","@id":"http:\/\/www.lepecqtrampoline.fr\/#website","url":"http:\/\/www.lepecqtrampoline.fr\/","name":"AlpicAirForce Academy","description":"","publisher":{"@id":"http:\/\/www.lepecqtrampoline.fr\/#organization"},"potentialAction":[{"@type":"SearchAction","target":{"@type":"EntryPoint","urlTemplate":"http:\/\/www.lepecqtrampoline.fr\/?s={search_term_string}"},"query-input":"required name=search_term_string"}],"inLanguage":"en-US"},{"@type":"ImageObject","@id":"http:\/\/www.lepecqtrampoline.fr\/index.php\/multi-activite-vers-le-spectacle\/#primaryimage","inLanguage":"en-US","url":"http:\/\/dev.lepecqtrampoline.fr\/wp-content\/uploads\/2023\/05\/teamgym-visuel-visuelmajeur-fredericbulin-jpg-603-1024x576.jpeg","contentUrl":"http:\/\/dev.lepecqtrampoline.fr\/wp-content\/uploads\/2023\/05\/teamgym-visuel-visuelmajeur-fredericbulin-jpg-603-1024x576.jpeg"},{"@type":"WebPage","@id":"http:\/\/www.lepecqtrampoline.fr\/index.php\/multi-activite-vers-le-spectacle\/#webpage","url":"http:\/\/www.lepecqtrampoline.fr\/index.php\/multi-activite-vers-le-spectacle\/","name":"Gym agr\u00e8s sol Mini trampo -","isPartOf":{"@id":"http:\/\/www.lepecqtrampoline.fr\/#website"},"primaryImageOfPage":{"@id":"http:\/\/www.lepecqtrampoline.fr\/index.php\/multi-activite-vers-le-spectacle\/#primaryimage"},"datePublished":"2021-08-12T17:36:13+00:00","dateModified":"2025-06-01T16:35:24+00:00","breadcrumb":{"@id":"http:\/\/www.lepecqtrampoline.fr\/index.php\/multi-activite-vers-le-spectacle\/#breadcrumb"},"inLanguage":"en-US","potentialAction":[{"@type":"ReadAction","target":["http:\/\/www.lepecqtrampoline.fr\/index.php\/multi-activite-vers-le-spectacle\/"]}]},{"@type":"BreadcrumbList","@id":"http:\/\/www.lepecqtrampoline.fr\/index.php\/multi-activite-vers-le-spectacle\/#breadcrumb","itemListElement":[{"@type":"ListItem","position":1,"name":"Accueil","item":"http:\/\/www.lepecqtrampoline.fr\/"},{"@type":"ListItem","position":2,"name":"Gym agr\u00e8s sol Mini trampo"}]}]}},"_links":{"self":[{"href":"http:\/\/www.lepecqtrampoline.fr\/index.php\/wp-json\/wp\/v2\/pages\/1073"}],"collection":[{"href":"http:\/\/www.lepecqtrampoline.fr\/index.php\/wp-json\/wp\/v2\/pages"}],"about":[{"href":"http:\/\/www.lepecqtrampoline.fr\/index.php\/wp-json\/wp\/v2\/types\/page"}],"author":[{"embeddable":true,"href":"http:\/\/www.lepecqtrampoline.fr\/index.php\/wp-json\/wp\/v2\/users\/1"}],"replies":[{"embeddable":true,"href":"http:\/\/www.lepecqtrampoline.fr\/index.php\/wp-json\/wp\/v2\/comments?post=1073"}],"version-history":[{"count":20,"href":"http:\/\/www.lepecqtrampoline.fr\/index.php\/wp-json\/wp\/v2\/pages\/1073\/revisions"}],"predecessor-version":[{"id":1519,"href":"http:\/\/www.lepecqtrampoline.fr\/index.php\/wp-json\/wp\/v2\/pages\/1073\/revisions\/1519"}],"wp:attachment":[{"href":"http:\/\/www.lepecqtrampoline.fr\/index.php\/wp-json\/wp\/v2\/media?parent=1073"}],"curies":[{"name":"wp","href":"https:\/\/api.w.org\/{rel}","templated":true}]}}