{"id":1070,"date":"2021-08-12T18:46:36","date_gmt":"2021-08-12T16:46:36","guid":{"rendered":"http:\/\/www.lepecqtrampoline.fr\/?page_id=1070"},"modified":"2024-04-24T18:25:59","modified_gmt":"2024-04-24T16:25:59","slug":"double-mini-trampoline","status":"publish","type":"page","link":"http:\/\/www.lepecqtrampoline.fr\/index.php\/double-mini-trampoline\/","title":{"rendered":"Double Mini Trampoline"},"content":{"rendered":"<h3>\u00a0<\/h3>\r\n<h3><img loading=\"lazy\" class=\"wp-image-1085 aligncenter\" style=\"font-size: 16px;\" src=\"http:\/\/dev.lepecqtrampoline.fr\/wp-content\/uploads\/2021\/08\/IMG_7367-768x1024.jpg\" alt=\"\" width=\"205\" height=\"274\" srcset=\"http:\/\/dev.lepecqtrampoline.fr\/wp-content\/uploads\/2021\/08\/IMG_7367-768x1024.jpg 768w, http:\/\/dev.lepecqtrampoline.fr\/wp-content\/uploads\/2021\/08\/IMG_7367-225x300.jpg 225w, http:\/\/dev.lepecqtrampoline.fr\/wp-content\/uploads\/2021\/08\/IMG_7367-1152x1536.jpg 1152w, http:\/\/dev.lepecqtrampoline.fr\/wp-content\/uploads\/2021\/08\/IMG_7367-1536x2048.jpg 1536w, http:\/\/dev.lepecqtrampoline.fr\/wp-content\/uploads\/2021\/08\/IMG_7367-scaled.jpg 1920w\" sizes=\"(max-width: 205px) 100vw, 205px\" \/><\/h3>\r\n<h3>\u00a0<\/h3>\r\n<p><!-- \/wp:heading -->\r\n\r\n<!-- wp:image {\"id\":506} --><\/p>\r\n<figure class=\"wp-block-image\"><img loading=\"lazy\" class=\"alignnone  wp-image-1086\" src=\"http:\/\/dev.lepecqtrampoline.fr\/wp-content\/uploads\/2021\/08\/IMG_7864-724x1024.jpg\" alt=\"\" width=\"117\" height=\"166\" srcset=\"http:\/\/dev.lepecqtrampoline.fr\/wp-content\/uploads\/2021\/08\/IMG_7864-724x1024.jpg 724w, http:\/\/dev.lepecqtrampoline.fr\/wp-content\/uploads\/2021\/08\/IMG_7864-212x300.jpg 212w, http:\/\/dev.lepecqtrampoline.fr\/wp-content\/uploads\/2021\/08\/IMG_7864-768x1086.jpg 768w, http:\/\/dev.lepecqtrampoline.fr\/wp-content\/uploads\/2021\/08\/IMG_7864-1086x1536.jpg 1086w, http:\/\/dev.lepecqtrampoline.fr\/wp-content\/uploads\/2021\/08\/IMG_7864-1448x2048.jpg 1448w, http:\/\/dev.lepecqtrampoline.fr\/wp-content\/uploads\/2021\/08\/IMG_7864.jpg 1741w\" sizes=\"(max-width: 117px) 100vw, 117px\" \/>\r\n<h3><strong>Parrain :<\/strong><strong style=\"font-size: 16px;\">Alexis Regulus<\/strong><\/h3>\r\n<figcaption>Alexis est l&#8217;un des meilleur junior fran\u00e7ais, 3\u00e8me junior mondial en 2023. <br \/>Il est le fer de lance de la nouvelle vague de l&#8217;Alpic Air Force des ann\u00e9e 2020. <br \/>Ses qualit\u00e9s gymniques lui ont permis de s&#8217;affirmer dans cette discipline proche du saut de cheval.<br \/><br \/><\/figcaption>\r\n<strong>Toujours en pointe l\u2019AlpicAirForce Academy fait le pari sur cette activit\u00e9 comp\u00e9titive reconnue par la F\u00e9d\u00e9ration Internationale de Gymnastique.<\/strong><\/figure>\r\n<figure class=\"wp-block-image\">Notre Academy est l&#8217;un des seul club en France \u00e0 proposer cette activit\u00e9 dans des conditions de s\u00e9curit\u00e9 maximale et dans les normes de le Federation Internationale de Gymnastique.<\/figure>\r\n<figure class=\"wp-block-image\">L&#8217;activit\u00e9 est ouverte \u00e9galement aux gymnastes licenci\u00e9s FFGym des clubs Franciliens avec la carte Acropass.<\/figure>\r\n<figure class=\"wp-block-image\"><strong>Avec la Carte Acropass<\/strong><\/figure>\r\n<ul>\r\n<li>Cours d\u00e9couverte<\/li>\r\n<li>Cours perfectionnement<\/li>\r\n<li>Cours performance et \u00e9lite<\/li>\r\n<\/ul>\r\n<p>Un calendrier sera mis en ligne prochainement Un minimum de 8 acrobates requis pour confirmer le cours<\/p>\r\n<h5>Certains\u00a0 samedis <strong>17h30 \u00e0 19h<\/strong>\u00a0 et\u00a0 dimanche matin deux ou trois fois dans l&#8217;ann\u00e9e (calendrier \u00e0 venir)<\/h5>\r\n<p>&nbsp;<\/p>\r\n<div class=\"wp-block-image\">\r\n<figure class=\"aligncenter is-resized\"><img loading=\"lazy\" class=\"wp-image-646\" src=\"http:\/\/dev.lepecqtrampoline.fr\/wp-content\/uploads\/2019\/06\/AcroPass.png\" alt=\"\" width=\"276\" height=\"98\" \/>\r\n<figcaption>L\u2019activit\u00e9 sera accessible aussi via la carte <strong>\u00abAcro Pass Academy\u00a0\u00bb<\/strong><\/figcaption>\r\n<\/figure>\r\n<\/div>\r\n<!-- \/wp:image -->\r\n\r\n<!-- wp:heading {\"level\":3} -->\r\n<p>&nbsp;<\/p>\r\n<!-- \/wp:paragraph -->\r\n\r\n<!-- wp:paragraph -->\r\n<p><em>Gymnase du Lyc\u00e9e Jeanne d\u2019Albret<\/em> <em> Samedi 16h00 19h00<\/em><\/p>","protected":false},"excerpt":{"rendered":"<p>\u00a0 \u00a0 Parrain :Alexis Regulus Alexis est l&#8217;un des meilleur junior fran\u00e7ais, 3\u00e8me junior mondial en 2023. Il est le fer de lance de la nouvelle vague de l&#8217;Alpic Air Force des ann\u00e9e 2020. Ses qualit\u00e9s gymniques lui ont permis de s&#8217;affirmer dans cette discipline proche du saut de cheval. Toujours en pointe l\u2019AlpicAirForce Academy [&hellip;]<\/p>\n","protected":false},"author":1,"featured_media":0,"parent":0,"menu_order":0,"comment_status":"closed","ping_status":"closed","template":"","meta":[],"yoast_head":"<!-- This site is optimized with the Yoast SEO plugin v18.4.1 - https:\/\/yoast.com\/wordpress\/plugins\/seo\/ -->\n<title>Double Mini Trampoline -<\/title>\n<meta name=\"robots\" content=\"index, follow, max-snippet:-1, max-image-preview:large, max-video-preview:-1\" \/>\n<link rel=\"canonical\" href=\"https:\/\/www.lepecqtrampoline.fr\/index.php\/double-mini-trampoline\/\" \/>\n<meta property=\"og:locale\" content=\"en_US\" \/>\n<meta property=\"og:type\" content=\"article\" \/>\n<meta property=\"og:title\" content=\"Double Mini Trampoline -\" \/>\n<meta property=\"og:description\" content=\"\u00a0 \u00a0 Parrain :Alexis Regulus Alexis est l&#8217;un des meilleur junior fran\u00e7ais, 3\u00e8me junior mondial en 2023. Il est le fer de lance de la nouvelle vague de l&#8217;Alpic Air Force des ann\u00e9e 2020. Ses qualit\u00e9s gymniques lui ont permis de s&#8217;affirmer dans cette discipline proche du saut de cheval. Toujours en pointe l\u2019AlpicAirForce Academy [&hellip;]\" \/>\n<meta property=\"og:url\" content=\"https:\/\/www.lepecqtrampoline.fr\/index.php\/double-mini-trampoline\/\" \/>\n<meta property=\"article:publisher\" content=\"https:\/\/www.facebook.com\/Alpicairforce\/\" \/>\n<meta property=\"article:modified_time\" content=\"2024-04-24T16:25:59+00:00\" \/>\n<meta property=\"og:image\" content=\"http:\/\/dev.lepecqtrampoline.fr\/wp-content\/uploads\/2021\/08\/IMG_7367-768x1024.jpg\" \/>\n<meta name=\"twitter:card\" content=\"summary_large_image\" \/>\n<meta name=\"twitter:label1\" content=\"Est. reading time\" \/>\n\t<meta name=\"twitter:data1\" content=\"2 minutes\" \/>\n<script type=\"application\/ld+json\" class=\"yoast-schema-graph\">{\"@context\":\"https:\/\/schema.org\",\"@graph\":[{\"@type\":\"Organization\",\"@id\":\"https:\/\/www.lepecqtrampoline.fr\/#organization\",\"name\":\"Alpic Air Force Academy\",\"url\":\"https:\/\/www.lepecqtrampoline.fr\/\",\"sameAs\":[\"https:\/\/www.facebook.com\/Alpicairforce\/\"],\"logo\":{\"@type\":\"ImageObject\",\"@id\":\"https:\/\/www.lepecqtrampoline.fr\/#logo\",\"inLanguage\":\"en-US\",\"url\":\"http:\/\/dev.lepecqtrampoline.fr\/wp-content\/uploads\/2019\/06\/logo.png\",\"contentUrl\":\"http:\/\/dev.lepecqtrampoline.fr\/wp-content\/uploads\/2019\/06\/logo.png\",\"width\":546,\"height\":220,\"caption\":\"Alpic Air Force Academy\"},\"image\":{\"@id\":\"https:\/\/www.lepecqtrampoline.fr\/#logo\"}},{\"@type\":\"WebSite\",\"@id\":\"https:\/\/www.lepecqtrampoline.fr\/#website\",\"url\":\"https:\/\/www.lepecqtrampoline.fr\/\",\"name\":\"AlpicAirForce Academy\",\"description\":\"\",\"publisher\":{\"@id\":\"https:\/\/www.lepecqtrampoline.fr\/#organization\"},\"potentialAction\":[{\"@type\":\"SearchAction\",\"target\":{\"@type\":\"EntryPoint\",\"urlTemplate\":\"https:\/\/www.lepecqtrampoline.fr\/?s={search_term_string}\"},\"query-input\":\"required name=search_term_string\"}],\"inLanguage\":\"en-US\"},{\"@type\":\"ImageObject\",\"@id\":\"https:\/\/www.lepecqtrampoline.fr\/index.php\/double-mini-trampoline\/#primaryimage\",\"inLanguage\":\"en-US\",\"url\":\"http:\/\/dev.lepecqtrampoline.fr\/wp-content\/uploads\/2021\/08\/IMG_7367-768x1024.jpg\",\"contentUrl\":\"http:\/\/dev.lepecqtrampoline.fr\/wp-content\/uploads\/2021\/08\/IMG_7367-768x1024.jpg\"},{\"@type\":\"WebPage\",\"@id\":\"https:\/\/www.lepecqtrampoline.fr\/index.php\/double-mini-trampoline\/#webpage\",\"url\":\"https:\/\/www.lepecqtrampoline.fr\/index.php\/double-mini-trampoline\/\",\"name\":\"Double Mini Trampoline -\",\"isPartOf\":{\"@id\":\"https:\/\/www.lepecqtrampoline.fr\/#website\"},\"primaryImageOfPage\":{\"@id\":\"https:\/\/www.lepecqtrampoline.fr\/index.php\/double-mini-trampoline\/#primaryimage\"},\"datePublished\":\"2021-08-12T16:46:36+00:00\",\"dateModified\":\"2024-04-24T16:25:59+00:00\",\"breadcrumb\":{\"@id\":\"https:\/\/www.lepecqtrampoline.fr\/index.php\/double-mini-trampoline\/#breadcrumb\"},\"inLanguage\":\"en-US\",\"potentialAction\":[{\"@type\":\"ReadAction\",\"target\":[\"https:\/\/www.lepecqtrampoline.fr\/index.php\/double-mini-trampoline\/\"]}]},{\"@type\":\"BreadcrumbList\",\"@id\":\"https:\/\/www.lepecqtrampoline.fr\/index.php\/double-mini-trampoline\/#breadcrumb\",\"itemListElement\":[{\"@type\":\"ListItem\",\"position\":1,\"name\":\"Accueil\",\"item\":\"https:\/\/www.lepecqtrampoline.fr\/\"},{\"@type\":\"ListItem\",\"position\":2,\"name\":\"Double Mini Trampoline\"}]}]}<\/script>\n<!-- \/ Yoast SEO plugin. -->","yoast_head_json":{"title":"Double Mini Trampoline -","robots":{"index":"index","follow":"follow","max-snippet":"max-snippet:-1","max-image-preview":"max-image-preview:large","max-video-preview":"max-video-preview:-1"},"canonical":"https:\/\/www.lepecqtrampoline.fr\/index.php\/double-mini-trampoline\/","og_locale":"en_US","og_type":"article","og_title":"Double Mini Trampoline -","og_description":"\u00a0 \u00a0 Parrain :Alexis Regulus Alexis est l&#8217;un des meilleur junior fran\u00e7ais, 3\u00e8me junior mondial en 2023. Il est le fer de lance de la nouvelle vague de l&#8217;Alpic Air Force des ann\u00e9e 2020. Ses qualit\u00e9s gymniques lui ont permis de s&#8217;affirmer dans cette discipline proche du saut de cheval. Toujours en pointe l\u2019AlpicAirForce Academy [&hellip;]","og_url":"https:\/\/www.lepecqtrampoline.fr\/index.php\/double-mini-trampoline\/","article_publisher":"https:\/\/www.facebook.com\/Alpicairforce\/","article_modified_time":"2024-04-24T16:25:59+00:00","og_image":[{"url":"http:\/\/dev.lepecqtrampoline.fr\/wp-content\/uploads\/2021\/08\/IMG_7367-768x1024.jpg"}],"twitter_card":"summary_large_image","twitter_misc":{"Est. reading time":"2 minutes"},"schema":{"@context":"https:\/\/schema.org","@graph":[{"@type":"Organization","@id":"https:\/\/www.lepecqtrampoline.fr\/#organization","name":"Alpic Air Force Academy","url":"https:\/\/www.lepecqtrampoline.fr\/","sameAs":["https:\/\/www.facebook.com\/Alpicairforce\/"],"logo":{"@type":"ImageObject","@id":"https:\/\/www.lepecqtrampoline.fr\/#logo","inLanguage":"en-US","url":"http:\/\/dev.lepecqtrampoline.fr\/wp-content\/uploads\/2019\/06\/logo.png","contentUrl":"http:\/\/dev.lepecqtrampoline.fr\/wp-content\/uploads\/2019\/06\/logo.png","width":546,"height":220,"caption":"Alpic Air Force Academy"},"image":{"@id":"https:\/\/www.lepecqtrampoline.fr\/#logo"}},{"@type":"WebSite","@id":"https:\/\/www.lepecqtrampoline.fr\/#website","url":"https:\/\/www.lepecqtrampoline.fr\/","name":"AlpicAirForce Academy","description":"","publisher":{"@id":"https:\/\/www.lepecqtrampoline.fr\/#organization"},"potentialAction":[{"@type":"SearchAction","target":{"@type":"EntryPoint","urlTemplate":"https:\/\/www.lepecqtrampoline.fr\/?s={search_term_string}"},"query-input":"required name=search_term_string"}],"inLanguage":"en-US"},{"@type":"ImageObject","@id":"https:\/\/www.lepecqtrampoline.fr\/index.php\/double-mini-trampoline\/#primaryimage","inLanguage":"en-US","url":"http:\/\/dev.lepecqtrampoline.fr\/wp-content\/uploads\/2021\/08\/IMG_7367-768x1024.jpg","contentUrl":"http:\/\/dev.lepecqtrampoline.fr\/wp-content\/uploads\/2021\/08\/IMG_7367-768x1024.jpg"},{"@type":"WebPage","@id":"https:\/\/www.lepecqtrampoline.fr\/index.php\/double-mini-trampoline\/#webpage","url":"https:\/\/www.lepecqtrampoline.fr\/index.php\/double-mini-trampoline\/","name":"Double Mini Trampoline -","isPartOf":{"@id":"https:\/\/www.lepecqtrampoline.fr\/#website"},"primaryImageOfPage":{"@id":"https:\/\/www.lepecqtrampoline.fr\/index.php\/double-mini-trampoline\/#primaryimage"},"datePublished":"2021-08-12T16:46:36+00:00","dateModified":"2024-04-24T16:25:59+00:00","breadcrumb":{"@id":"https:\/\/www.lepecqtrampoline.fr\/index.php\/double-mini-trampoline\/#breadcrumb"},"inLanguage":"en-US","potentialAction":[{"@type":"ReadAction","target":["https:\/\/www.lepecqtrampoline.fr\/index.php\/double-mini-trampoline\/"]}]},{"@type":"BreadcrumbList","@id":"https:\/\/www.lepecqtrampoline.fr\/index.php\/double-mini-trampoline\/#breadcrumb","itemListElement":[{"@type":"ListItem","position":1,"name":"Accueil","item":"https:\/\/www.lepecqtrampoline.fr\/"},{"@type":"ListItem","position":2,"name":"Double Mini Trampoline"}]}]}},"_links":{"self":[{"href":"http:\/\/www.lepecqtrampoline.fr\/index.php\/wp-json\/wp\/v2\/pages\/1070"}],"collection":[{"href":"http:\/\/www.lepecqtrampoline.fr\/index.php\/wp-json\/wp\/v2\/pages"}],"about":[{"href":"http:\/\/www.lepecqtrampoline.fr\/index.php\/wp-json\/wp\/v2\/types\/page"}],"author":[{"embeddable":true,"href":"http:\/\/www.lepecqtrampoline.fr\/index.php\/wp-json\/wp\/v2\/users\/1"}],"replies":[{"embeddable":true,"href":"http:\/\/www.lepecqtrampoline.fr\/index.php\/wp-json\/wp\/v2\/comments?post=1070"}],"version-history":[{"count":13,"href":"http:\/\/www.lepecqtrampoline.fr\/index.php\/wp-json\/wp\/v2\/pages\/1070\/revisions"}],"predecessor-version":[{"id":1381,"href":"http:\/\/www.lepecqtrampoline.fr\/index.php\/wp-json\/wp\/v2\/pages\/1070\/revisions\/1381"}],"wp:attachment":[{"href":"http:\/\/www.lepecqtrampoline.fr\/index.php\/wp-json\/wp\/v2\/media?parent=1070"}],"curies":[{"name":"wp","href":"https:\/\/api.w.org\/{rel}","templated":true}]}}